{"id":40,"date":"2021-04-08T09:08:30","date_gmt":"2021-04-08T09:08:30","guid":{"rendered":"https:\/\/cyprusconferences.org\/mpu2022\/?page_id=40"},"modified":"2025-06-02T06:42:20","modified_gmt":"2025-06-02T06:42:20","slug":"committees","status":"publish","type":"page","link":"https:\/\/easyconferences.eu\/bibe2025\/committees\/","title":{"rendered":"Committees"},"content":{"rendered":"<p>[et_pb_section fb_built=&#8221;1&#8243; _builder_version=&#8221;4.27.4&#8243; _module_preset=&#8221;default&#8221; background_color=&#8221;rgba(0,0,0,0.43)&#8221; background_image=&#8221;https:\/\/easyconferences.eu\/bibe2025\/wp-content\/uploads\/2025\/03\/caryatides-2-scaled.jpg&#8221; background_blend=&#8221;overlay&#8221; min_height=&#8221;290px&#8221; custom_margin=&#8221;||22px|||&#8221; custom_padding=&#8221;98px||0px|||&#8221; bottom_divider_style=&#8221;curve2&#8243; bottom_divider_color=&#8221;#FFFFFF&#8221; bottom_divider_height=&#8221;80px&#8221; bottom_divider_repeat=&#8221;1x&#8221; da_disable_devices=&#8221;off|off|off&#8221; box_shadow_style=&#8221;preset6&#8243; global_colors_info=&#8221;{}&#8221; da_is_popup=&#8221;off&#8221; da_exit_intent=&#8221;off&#8221; da_has_close=&#8221;on&#8221; da_alt_close=&#8221;off&#8221; da_dark_close=&#8221;off&#8221; da_not_modal=&#8221;on&#8221; da_is_singular=&#8221;off&#8221; da_with_loader=&#8221;off&#8221; da_has_shadow=&#8221;on&#8221;][et_pb_row _builder_version=&#8221;4.19.4&#8243; _module_preset=&#8221;default&#8221; background_enable_color=&#8221;off&#8221; custom_margin=&#8221;-30px|auto||auto||&#8221; custom_padding=&#8221;0px|||||&#8221; global_colors_info=&#8221;{}&#8221;][et_pb_column type=&#8221;4_4&#8243; _builder_version=&#8221;4.19.4&#8243; _module_preset=&#8221;default&#8221; global_colors_info=&#8221;{}&#8221;][dsm_text_divider header=&#8221;COMMITTEES&#8221; color=&#8221;#FFFFFF&#8221; _builder_version=&#8221;4.19.4&#8243; _module_preset=&#8221;default&#8221; header_level=&#8221;h1&#8243; header_text_color=&#8221;#FFFFFF&#8221; header_font_size=&#8221;40px&#8221; background_enable_color=&#8221;off&#8221; global_colors_info=&#8221;{}&#8221;][\/dsm_text_divider][\/et_pb_column][\/et_pb_row][\/et_pb_section][et_pb_section fb_built=&#8221;1&#8243; _builder_version=&#8221;4.16&#8243; custom_padding=&#8221;3px|||||&#8221; da_disable_devices=&#8221;off|off|off&#8221; global_colors_info=&#8221;{}&#8221; da_is_popup=&#8221;off&#8221; da_exit_intent=&#8221;off&#8221; da_has_close=&#8221;on&#8221; da_alt_close=&#8221;off&#8221; da_dark_close=&#8221;off&#8221; da_not_modal=&#8221;on&#8221; da_is_singular=&#8221;off&#8221; da_with_loader=&#8221;off&#8221; da_has_shadow=&#8221;on&#8221;][et_pb_row _builder_version=&#8221;4.16&#8243; global_colors_info=&#8221;{}&#8221;][et_pb_column type=&#8221;4_4&#8243; _builder_version=&#8221;4.16&#8243; global_colors_info=&#8221;{}&#8221;][et_pb_text _builder_version=&#8221;4.27.4&#8243; _module_preset=&#8221;default&#8221; custom_padding=&#8221;||0px|||&#8221; hover_enabled=&#8221;0&#8243; global_colors_info=&#8221;{}&#8221; sticky_enabled=&#8221;0&#8243;]<\/p>\n<h3><strong>General Chairs<\/strong><\/h3>\n<p>N. Bourbakis, Purdue U., BAIF, USA &amp; TUC Greece<br \/>\nN. Filipovic, Kragujevac Uni, Serbia<\/p>\n<h3><strong>Program Chairs<\/strong><\/h3>\n<p>G. Goodman, MU, OH, USA<br \/>\nM. Antonakakis, TUC, Greece<\/p>\n<h3><strong>Financial &amp; Publicity Chair<\/strong><\/h3>\n<p>M. Kaplarevic, Kragujevac Uni, Serbia<\/p>\n<h3><strong>Local Chair<\/strong><\/h3>\n<p>D. Kavraki, BAIF, USA<\/p>\n<h3><strong>Program Areas Chairs (tentative)<\/strong><\/h3>\n<p>P. Ballester, Imperial College London, UK<br \/>\nM. Yang, Montclair State University, USA<br \/>\nD. Kihara, Purdue University, USA<br \/>\nA. Zinovyev, Paris Artificial Intelligence Research Institute, France<br \/>\nZ. Bosni\u0107, University of Ljubljana, Slovenia<br \/>\n\u017d. Car, University of Zagreb, Croatia<br \/>\nV. Djonov, University of Bern, Switzerland<br \/>\nC. Hellmich, Technische Universit\u00e4t Wien, Austria<br \/>\nN. Jorgovanovi\u0107, University of Novi Sad, Serbia<br \/>\nC. Ouzounis, Aristotle University of Thessaloniki, Greece<br \/>\nO. Parodi, Institute of Clinical Physiology, Italy<br \/>\nH. V. Oosterwyck, KU Leuven, Belgium<br \/>\nM. Trajanovic, University of Nis, Serbia<br \/>\nL. Velicki, University of Novi Sad, Serbia<br \/>\nG. Z. Yang, Chinese Academy of Sciences, China<br \/>\nD. Fotiadis, University of Ioannina, Greece<br \/>\nC. Pattichis, University of Cyprus, Cyprus<br \/>\nK. Nikita, National Technical University of Athens, Greece<br \/>\nM. Zervakis, Technical University of Crete, Greece<br \/>\nH.M. Afify, Cairo University, Cairo, Egypt[\/et_pb_text][et_pb_text disabled_on=&#8221;on|on|on&#8221; _builder_version=&#8221;4.27.4&#8243; _module_preset=&#8221;default&#8221; disabled=&#8221;on&#8221; global_colors_info=&#8221;{}&#8221;]<\/p>\n<p>M. Yang, Montclair State University, USA<br \/>P. Ballester, Imperial College London, UK<br \/>D. Kihara, Purdue University, USA<br \/>A. Zinovyev, Paris Artificial Intelligence Research Institute, France<br \/>Z. Bosni\u0107, University of Ljubljana, Slovenia<br \/>\u017d. Car, University of Zagreb, Croatia<br \/>V. Djonov, University of Bern, Switzerland<br \/>C. Hellmich, Technische Universit\u00e4t Wien, Austria<br \/>N. Jorgovanovi\u0107, University of Novi Sad, Serbia<br \/>C. Ouzounis, Aristotle University of Thessaloniki, Greece<br \/>O. Parodi, Institute of Clinical Physiology, Italy<br \/>H. V. Oosterwyck, KU Leuven, Belgium<br \/>M. Trajanovic, University of Nis, Serbia<br \/>L. Velicki, University of Novi Sad, Serbia<br \/>G. Z. Yang, Chinese Academy of Sciences, China<br \/>D. Fotiadis, University of Ioannina, Greece<br \/>C. Pattichis, University of Cyprus, Cyprus<br \/>K. Nikita, National Technical University of Athens, Greece<br \/>M. Zervakis, Technical University of Crete, Greece<\/p>\n<p>[\/et_pb_text][\/et_pb_column][\/et_pb_row][\/et_pb_section]<\/p>\n","protected":false},"excerpt":{"rendered":"<p><div class=\"et_pb_module dsm_text_divider dsm_text_divider_0\">\n\t\t\t\t\n\t\t\t\t\n\t\t\t\t\n\t\t\t\t\n\t\t\t\t\n\t\t\t\t\n\t\t\t\t<div class=\"et_pb_module_inner\">\n\t\t\t\t\t<div class=\"dsm-text-divider-wrapper dsm-text-divider-align-center et_pb_bg_layout_light\">\n\t\t\t\t\n\t\t\t\t\n\t\t\t\t<div class=\"dsm-text-divider-before dsm-divider\"><\/div>\n\t\t\t\t<h1 class=\"dsm-text-divider-header et_pb_module_header\"><span>COMMITTEES<\/span><\/h1>\n\t\t\t\t<div class=\"dsm-text-divider-after dsm-divider\"><\/div>\n\t\t\t<\/div>\n\t\t\t\t<\/div>\n\t\t\t<\/div>General Chairs N. Bourbakis, Purdue U., BAIF, USA &amp; TUC Greece N. Filipovic, Kragujevac Uni, Serbia Program Chairs G. Goodman, MU, OH, USA M. Antonakakis, TUC, Greece Financial &amp; Publicity Chair M. Kaplarevic, Kragujevac Uni, Serbia Local Chair D. Kavraki, BAIF, USA Program Areas Chairs (tentative) P. Ballester, Imperial College London, UK M. Yang, Montclair State University, USA D. Kihara, Purdue University, USA A. Zinovyev, Paris Artificial Intelligence Research Institute, France Z. Bosni\u0107, University of Ljubljana, Slovenia \u017d. Car, University of Zagreb, Croatia V. Djonov, University of Bern, Switzerland C. Hellmich, Technische Universit\u00e4t Wien, Austria N. Jorgovanovi\u0107, University of Novi Sad, Serbia C. Ouzounis, Aristotle University of Thessaloniki, Greece O. Parodi, Institute of Clinical Physiology, Italy H. V. Oosterwyck, KU Leuven, Belgium M. Trajanovic, University of Nis, Serbia L. Velicki, University of Novi Sad, Serbia G. Z. Yang, Chinese Academy of Sciences, China D. Fotiadis, University of Ioannina, Greece C. Pattichis, University of Cyprus, Cyprus K. Nikita, National Technical University of Athens, Greece M. Zervakis, Technical University of Crete, Greece H.M. Afify, Cairo University, Cairo, EgyptM. Yang, Montclair State University, USAP. Ballester, Imperial College London, UKD. Kihara, Purdue University, USAA. Zinovyev, [&hellip;]<\/p>\n","protected":false},"author":8,"featured_media":0,"parent":0,"menu_order":0,"comment_status":"closed","ping_status":"closed","template":"","meta":{"_et_pb_use_builder":"on","_et_pb_old_content":"","_et_gb_content_width":"","footnotes":""},"class_list":["post-40","page","type-page","status-publish","hentry"],"_links":{"self":[{"href":"https:\/\/easyconferences.eu\/bibe2025\/wp-json\/wp\/v2\/pages\/40","targetHints":{"allow":["GET"]}}],"collection":[{"href":"https:\/\/easyconferences.eu\/bibe2025\/wp-json\/wp\/v2\/pages"}],"about":[{"href":"https:\/\/easyconferences.eu\/bibe2025\/wp-json\/wp\/v2\/types\/page"}],"author":[{"embeddable":true,"href":"https:\/\/easyconferences.eu\/bibe2025\/wp-json\/wp\/v2\/users\/8"}],"replies":[{"embeddable":true,"href":"https:\/\/easyconferences.eu\/bibe2025\/wp-json\/wp\/v2\/comments?post=40"}],"version-history":[{"count":41,"href":"https:\/\/easyconferences.eu\/bibe2025\/wp-json\/wp\/v2\/pages\/40\/revisions"}],"predecessor-version":[{"id":244900,"href":"https:\/\/easyconferences.eu\/bibe2025\/wp-json\/wp\/v2\/pages\/40\/revisions\/244900"}],"wp:attachment":[{"href":"https:\/\/easyconferences.eu\/bibe2025\/wp-json\/wp\/v2\/media?parent=40"}],"curies":[{"name":"wp","href":"https:\/\/api.w.org\/{rel}","templated":true}]}}