{"id":14,"date":"2020-06-03T07:48:50","date_gmt":"2020-06-03T07:48:50","guid":{"rendered":"http:\/\/easyconferences.eu\/itp2021\/?page_id=14"},"modified":"2023-07-05T13:01:02","modified_gmt":"2023-07-05T13:01:02","slug":"committee","status":"publish","type":"page","link":"https:\/\/easyconferences.eu\/cade2023\/committee\/","title":{"rendered":"Committee"},"content":{"rendered":"<p>[et_pb_section fb_built=&#8221;1&#8243; next_background_color=&#8221;#ffffff&#8221; _builder_version=&#8221;4.16&#8243; background_color=&#8221;#8c8c8c&#8221; top_divider_color=&#8221;#b53319&#8243; bottom_divider_style=&#8221;arrow3&#8243; global_colors_info=&#8221;{}&#8221;][et_pb_row _builder_version=&#8221;4.16&#8243; custom_margin=&#8221;-26px|auto||auto||&#8221; global_colors_info=&#8221;{}&#8221;][et_pb_column type=&#8221;4_4&#8243; _builder_version=&#8221;4.16&#8243; global_colors_info=&#8221;{}&#8221;][et_pb_text _builder_version=&#8221;4.16&#8243; global_colors_info=&#8221;{}&#8221;]<\/p>\n<h2 style=\"text-align: center;\"><span style=\"color: #ffffff;\">Committees<\/span><\/h2>\n<p>[\/et_pb_text][\/et_pb_column][\/et_pb_row][\/et_pb_section][et_pb_section fb_built=&#8221;1&#8243; _builder_version=&#8221;4.16&#8243; global_colors_info=&#8221;{}&#8221;][et_pb_row column_structure=&#8221;1_2,1_2&#8243; _builder_version=&#8221;4.16&#8243; global_colors_info=&#8221;{}&#8221;][et_pb_column type=&#8221;1_2&#8243; _builder_version=&#8221;4.16&#8243; global_colors_info=&#8221;{}&#8221;][et_pb_text _builder_version=&#8221;4.19.4&#8243; header_5_text_color=&#8221;#0c71c3&#8243; global_colors_info=&#8221;{}&#8221;]<\/p>\n<h3><span style=\"color: #8e1313;\">GENERAL CHAIR<\/span><\/h3>\n<p>Daniele Gorla, Universit\u00e0 di Roma &#8220;Sapienza&#8221;, Italy<\/p>\n<p><span><\/span><\/p>\n<p>[\/et_pb_text][et_pb_text _builder_version=&#8221;4.19.4&#8243; header_5_text_color=&#8221;#0c71c3&#8243; global_colors_info=&#8221;{}&#8221;]<\/p>\n<h3><span style=\"color: #8e1313;\">WORKSHOP &amp; TUTORIAL CHAIR<\/span><\/h3>\n<p>Ivano Salvo, University of Rome \u2013 Sapienza<\/p>\n<h3><\/h3>\n<h3><span style=\"color: #8e1313;\">PUBLICITY CHAIR<\/span><\/h3>\n<p>Haniel Barbosa, Universidade Federal de Minas Gerais<\/p>\n<p><span><\/span><\/p>\n<p>[\/et_pb_text][et_pb_text _builder_version=&#8221;4.19.4&#8243; header_5_text_color=&#8221;#0c71c3&#8243; global_colors_info=&#8221;{}&#8221;]<\/p>\n<h3><span style=\"color: #8e1313;\">CADE TRUSTEES<\/span><\/h3>\n<p>Pascal Fontaine, University of Li\u00e8ge<\/p>\n<p>J\u00fcrgen Giesl, RWTH Aachen University<\/p>\n<p>Marijn Heule, Carnegie Mellon University<\/p>\n<p>Neil Murray, University at Albany SUNY<\/p>\n<p>Cl\u00e1udia Nalon, University of Bras\u00edlia<\/p>\n<p>Brigitte Pientka, McGills University<\/p>\n<p>Andr\u00e9 Platzer, Karlsruhe Institute of Technology<\/p>\n<p>Andrew Reynolds, The University of Iowa<\/p>\n<p>Philipp R\u00fcmmer, University of Regensburg<\/p>\n<p>Renate Schmidt, University of Manchaster<\/p>\n<p>Stephan Schulz, DHBW Stuttgart<\/p>\n<p>Sophie Tourret, Inria<\/p>\n<p><span><\/span><\/p>\n<p>[\/et_pb_text][\/et_pb_column][et_pb_column type=&#8221;1_2&#8243; _builder_version=&#8221;4.16&#8243; global_colors_info=&#8221;{}&#8221;][et_pb_text _builder_version=&#8221;4.19.4&#8243; _module_preset=&#8221;default&#8221; global_colors_info=&#8221;{}&#8221;]<\/p>\n<h3><span style=\"color: #8e1313;\">PROGRAM CHAIRS<\/span><\/h3>\n<p>\u00a0Brigitte Pientka, McGill University<\/p>\n<p>Cesare Tinelli, The University of Iowa<\/p>\n<p>[\/et_pb_text][et_pb_text _builder_version=&#8221;4.19.4&#8243; _module_preset=&#8221;default&#8221; global_colors_info=&#8221;{}&#8221;]<\/p>\n<h3><span style=\"color: #8e1313;\">PROGRAM COMMITTEE<\/span><\/h3>\n<p>Carlos Areces, Universidad Nacional de C\u00f3rdoba<\/p>\n<p>Jeremy Avigad, Carnegie Mellon University<\/p>\n<p>David Baelde, LSV, ENS Paris-Saclay &amp; Inria Paris<\/p>\n<p>Maria Paola Bonacina, Universit\u00e0 degli Studi di Verona <\/p>\n<p>Liron Cohen, Ben-Gurion University<\/p>\n<p>Cyril Cohen, Inria Sophia Antipolis<\/p>\n<p>Clare Dixon, The University of Manchester<\/p>\n<p>Carsten Fuhs, Birkbeck, University of London<\/p>\n<p>Alberto Griggio, Fondazione Bruno Kessler<\/p>\n<p>Stefan Hetzl, Vienna University of Technology<\/p>\n<p>Marijn Heule, Carnegie Mellon University<\/p>\n<p>Nao Hirokawa, Japan Advanced Institute of Science and Technology<\/p>\n<p>Mikolas Janota, Czech Technical University in Prague<\/p>\n<p>Matti J\u00e4rvisalo, University of Helsinki<\/p>\n<p>Cezary Kaliszyk, University of Innsbruck<\/p>\n<p>Konstantin Korovin, The University of Manchester<\/p>\n<p>Peter Lammich, TU Munich<\/p>\n<p>Aina Niemetz, Stanford University<\/p>\n<p>Naoki Nishida, Nagoya University<\/p>\n<p>Nicola Olivetti, LSIS, Aix-Marseille University<\/p>\n<p>Lawrence Paulson, University of Cambridge<\/p>\n<p>Andrei Popescu, University of Sheffield<\/p>\n<p>Florian Rabe, FAU Erlangen-N\u00fcrnberg<\/p>\n<p>Giles Reger, The University of Manchester<\/p>\n<p>Cody Roux, Amazon Web Services<\/p>\n<p>Uli Sattler, The University of Manchester<\/p>\n<p>Stephan Schulz, DHBW Stuttgart<\/p>\n<p>Martina Seidl, Johannes Kepler University<\/p>\n<p>Viorica Sofronie-Stokkermans, University Koblenz-Landau<\/p>\n<p>Alexander Steen, University of Greifswald<\/p>\n<p>Martin Suda, Czech Technical University in Prague<\/p>\n<p>Enrico Tassi, INRIA<\/p>\n<p>Sophie Tourret, INRIA and MPI for Informatics<\/p>\n<p>Uwe Waldmann, MPI for Informatics<\/p>\n<p>Sarah Winkler, Free University of Bozen-Bolzano<\/p>\n<p>Yoni Zohar, Bar Ilan University<\/p>\n<p>[\/et_pb_text][\/et_pb_column][\/et_pb_row][\/et_pb_section]<\/p>\n","protected":false},"excerpt":{"rendered":"<p>CommitteesGENERAL CHAIR Daniele Gorla, Universit\u00e0 di Roma &#8220;Sapienza&#8221;, Italy WORKSHOP &amp; TUTORIAL CHAIR Ivano Salvo, University of Rome \u2013 Sapienza PUBLICITY CHAIR Haniel Barbosa, Universidade Federal de Minas Gerais CADE TRUSTEES Pascal Fontaine, University of Li\u00e8ge J\u00fcrgen Giesl, RWTH Aachen University Marijn Heule, Carnegie Mellon University Neil Murray, University at Albany SUNY Cl\u00e1udia Nalon, University [&hellip;]<\/p>\n","protected":false},"author":3,"featured_media":0,"parent":0,"menu_order":0,"comment_status":"closed","ping_status":"closed","template":"","meta":{"_et_pb_use_builder":"on","_et_pb_old_content":"<!-- wp:divi\/placeholder \/-->","_et_gb_content_width":""},"_links":{"self":[{"href":"https:\/\/easyconferences.eu\/cade2023\/wp-json\/wp\/v2\/pages\/14"}],"collection":[{"href":"https:\/\/easyconferences.eu\/cade2023\/wp-json\/wp\/v2\/pages"}],"about":[{"href":"https:\/\/easyconferences.eu\/cade2023\/wp-json\/wp\/v2\/types\/page"}],"author":[{"embeddable":true,"href":"https:\/\/easyconferences.eu\/cade2023\/wp-json\/wp\/v2\/users\/3"}],"replies":[{"embeddable":true,"href":"https:\/\/easyconferences.eu\/cade2023\/wp-json\/wp\/v2\/comments?post=14"}],"version-history":[{"count":30,"href":"https:\/\/easyconferences.eu\/cade2023\/wp-json\/wp\/v2\/pages\/14\/revisions"}],"predecessor-version":[{"id":243808,"href":"https:\/\/easyconferences.eu\/cade2023\/wp-json\/wp\/v2\/pages\/14\/revisions\/243808"}],"wp:attachment":[{"href":"https:\/\/easyconferences.eu\/cade2023\/wp-json\/wp\/v2\/media?parent=14"}],"curies":[{"name":"wp","href":"https:\/\/api.w.org\/{rel}","templated":true}]}}