{"id":338,"date":"2022-07-08T06:40:35","date_gmt":"2022-07-08T06:40:35","guid":{"rendered":"https:\/\/easyconferences.eu\/ictcs2022\/?page_id=338"},"modified":"2023-05-25T06:17:01","modified_gmt":"2023-05-25T06:17:01","slug":"accepted-papers","status":"publish","type":"page","link":"https:\/\/easyconferences.eu\/cade2023\/accepted-papers\/","title":{"rendered":"Accepted Papers"},"content":{"rendered":"<p>[et_pb_section fb_built=&#8221;1&#8243; next_background_color=&#8221;#ffffff&#8221; _builder_version=&#8221;4.16&#8243; background_color=&#8221;#8c8c8c&#8221; top_divider_color=&#8221;#b53319&#8243; bottom_divider_style=&#8221;arrow3&#8243; global_colors_info=&#8221;{}&#8221;][et_pb_row _builder_version=&#8221;4.16&#8243; custom_margin=&#8221;-26px|auto||auto||&#8221; global_colors_info=&#8221;{}&#8221;][et_pb_column type=&#8221;4_4&#8243; _builder_version=&#8221;4.16&#8243; global_colors_info=&#8221;{}&#8221;][et_pb_text _builder_version=&#8221;4.17.4&#8243; global_colors_info=&#8221;{}&#8221;]<\/p>\n<h2 style=\"text-align: center;\"><span style=\"color: #ffffff;\">Accepted Papers<\/span><\/h2>\n<p>[\/et_pb_text][\/et_pb_column][\/et_pb_row][\/et_pb_section][et_pb_section fb_built=&#8221;1&#8243; _builder_version=&#8221;4.16&#8243; global_colors_info=&#8221;{}&#8221;][et_pb_row _builder_version=&#8221;4.16&#8243; global_colors_info=&#8221;{}&#8221;][et_pb_column type=&#8221;4_4&#8243; _builder_version=&#8221;4.16&#8243; global_colors_info=&#8221;{}&#8221;][et_pb_text _builder_version=&#8221;4.21.0&#8243; hover_enabled=&#8221;0&#8243; inline_fonts=&#8221;Georgia&#8221; global_colors_info=&#8221;{}&#8221; sticky_enabled=&#8221;0&#8243;]<\/p>\n<table width=\"1484\">\n<tbody>\n<tr>\n<td width=\"865\">Verified Given Clause Procedures<\/td>\n<td width=\"619\">Jasmin Blanchette, Qi Qiu and Sophie Tourret<\/td>\n<\/tr>\n<tr>\n<td>Towards Fast Nominal Anti-Unification of Letrec-Expressions<\/td>\n<td>Manfred Schmidt-Schauss and Daniele Nantes-Sobrinho<\/td>\n<\/tr>\n<tr>\n<td>Confluence Criteria for Logically Constrained Rewrite Systems<\/td>\n<td>Jonas Sch\u00f6pf and Aart Middeldorp<\/td>\n<\/tr>\n<tr>\n<td>A Theory of Cartesian Arrays with Applications in Quantum Circuit Verification<\/td>\n<td>Yu-Fang Chen, Philipp R\u00fcmmer and Wei-Lun Tsai<\/td>\n<\/tr>\n<tr>\n<td>Uniform Substitution for Dynamic Logic with Communicating Hybrid Programs<\/td>\n<td>Marvin Brieger, Stefan Mitsch and Andr\u00e9 Platzer<\/td>\n<\/tr>\n<tr>\n<td>Combining Combination Properties: An Analysis of Stable-infiniteness, Convexity, and Politeness<\/td>\n<td>Guilherme Toledo, Yoni Zohar and Clark Barrett<\/td>\n<\/tr>\n<tr>\n<td>Superposition with Delayed Unification<\/td>\n<td>Ahmed Bhayat, Michael Rawson and Johannes Schoisswohl<\/td>\n<\/tr>\n<tr>\n<td>A Uniform Formalisation of Three-Valued Logics in Bisequent Calculus<\/td>\n<td>Andrzej Indrzejczak and Yaroslav Petrukhin<\/td>\n<\/tr>\n<tr>\n<td>SAT-Based Subsumption Resolution<\/td>\n<td>Robin Coutelier, Laura Kovacs, Michael Rawson and Jakob Rath<\/td>\n<\/tr>\n<tr>\n<td>An Isabelle\/HOL Formalization of the SCL(FOL) Calculus<\/td>\n<td>Martin Bromberger, Martin Desharnais and Christoph Weidenbach<\/td>\n<\/tr>\n<tr>\n<td>Proving Termination of C Programs with Lists<\/td>\n<td>Jera Hensel and J\u00fcrgen Giesl<\/td>\n<\/tr>\n<tr>\n<td>QSMA: A New Algorithm for Quantified Satisfiability Modulo Theory and Assignment<\/td>\n<td>Maria Paola Bonacina, St\u00e9phane Graham-Lengrand and Christophe Vauthier<\/td>\n<\/tr>\n<tr>\n<td>Theorem Proving in Dependently-Typed Higher-Order Logic<\/td>\n<td>Colin Rothgang, Florian Rabe and Christoph Benzm\u00fcller<\/td>\n<\/tr>\n<tr>\n<td>Program Synthesis in Saturation<\/td>\n<td>Petra Hozzov\u00e1, Laura Kov\u00e1cs, Chase Norman and Andrei Voronkov<\/td>\n<\/tr>\n<tr>\n<td>A more Pragmatic CDCL for IsaSAT and targetting LLVM<\/td>\n<td>Mathias Fleury and Peter Lammich<\/td>\n<\/tr>\n<tr>\n<td>Certified Core-Guided MaxSAT Solving<\/td>\n<td>Jeremias Berg, Bart Bogaerts, Jakob Nordstr\u00f6m, Andy Oertel and Dieter Vandesande<\/td>\n<\/tr>\n<tr>\n<td>SCL(FOL) Can Simulate Non-Redundant Superposition Clause Learning<\/td>\n<td>Martin Bromberger, Chaahat Jain and Christoph Weidenbach<\/td>\n<\/tr>\n<tr>\n<td>Iscalc: an Interactive Symbolic Computation Framework (System Description)<\/td>\n<td>Bohua Zhan, Yuheng Fan, Weiqiang Xiong and Runqing Xu<\/td>\n<\/tr>\n<tr>\n<td>Left-Linear Completion with AC Axioms<\/td>\n<td>Johannes Niederhauser, Nao Hirokawa and Aart Middeldorp<\/td>\n<\/tr>\n<tr>\n<td>Choose your Colour: Tree Interpolation for Quantified Formulas in SMT<\/td>\n<td>Elisabeth Henkel, Tanja Schindler and Jochen Hoenicke<\/td>\n<\/tr>\n<tr>\n<td>Buy One Get 14 Free: Evaluating Local Reductions for Modal Logic<\/td>\n<td>Cl\u00e1udia Nalon, Ullrich Hustadt, Fabio Papacchini and Clare Dixon<\/td>\n<\/tr>\n<tr>\n<td>On Incremental Pre-processing for SMT<\/td>\n<td>Nikolaj Bjorner and Katalin Fazekas<\/td>\n<\/tr>\n<tr>\n<td>Proving Non-Termination by Acceleration Driven Clause Learning with LoAT \u2013 System Description<\/td>\n<td>Florian Frohn and J\u00fcrgen Giesl<\/td>\n<\/tr>\n<tr>\n<td>On P-interpolation in local theory extensions and applications to the study of\u00a0 interpolation in the\u00a0\u00a0 description logics EL, EL+<\/td>\n<td>Dennis Peuter, Viorica Sofronie-Stokkermans and Sebastian Thunert<\/td>\n<\/tr>\n<tr>\n<td>Incremental Rewriting Modulo SMT<\/td>\n<td>Gerald Whitters, Boon Loo, Vivek Nigam and Carolyn Talcott<\/td>\n<\/tr>\n<tr>\n<td>Proving Almost-Sure Innermost Termination of Probabilistic Term Rewriting Using Dependency Pairs<\/td>\n<td>Jan-Christoph Kassing and J\u00fcrgen Giesl<\/td>\n<\/tr>\n<tr>\n<td>Formal Reasoning about Influence in Natural Sciences Experiments<\/td>\n<td>Florian Bruse, Martin Lange and S\u00f6ren M\u00f6ller<\/td>\n<\/tr>\n<tr>\n<td>Decidability of difference logic over the reals with uninterpreted unary predicates<\/td>\n<td>Baptiste Vergain, Bernard Boigelot and Pascal Fontaine<\/td>\n<\/tr>\n<tr>\n<td>Reasoning about Regular Properties: A Comparative Study<\/td>\n<td>Luk\u00e1\u0161 Hol\u00edk, Tomas Fiedor, Adam Rogalewicz, Pavol Vargov\u010d\u00edk, Martin Hruska and Juraj S\u00ed\u010d<\/td>\n<\/tr>\n<tr>\n<td>An Experimental Pipeline for Automated Reasoning in Natural Language<\/td>\n<td>Tanel Tammet, Priit J\u00e4rv, Martin Verrev and Dirk Draheim<\/td>\n<\/tr>\n<tr>\n<td>COOL 2 &#8211; A Generic Reasoner for Modal Fixpoint Logics<\/td>\n<td>Oliver G\u00f6rlitz, Daniel Hausmann, Merlin Humml, Dirk Pattinson and Lutz Schr\u00f6der<\/td>\n<\/tr>\n<tr>\n<td>Towards a Verified Tableau Prover for a Quantifier-Free Fragment of Set Theory<\/td>\n<td>Lukas Stevens<\/td>\n<\/tr>\n<tr>\n<td>\n<p>Verification of NP-hardness Reduction Functions for Exact Lattice Problems<\/p>\n<\/td>\n<td>Katharina Kreuzer and Tobias Nipkow<\/td>\n<\/tr>\n<\/tbody>\n<\/table>\n<p>[\/et_pb_text][\/et_pb_column][\/et_pb_row][\/et_pb_section]<\/p>\n","protected":false},"excerpt":{"rendered":"<p>Accepted Papers Verified Given Clause Procedures Jasmin Blanchette, Qi Qiu and Sophie Tourret Towards Fast Nominal Anti-Unification of Letrec-Expressions Manfred Schmidt-Schauss and Daniele Nantes-Sobrinho Confluence Criteria for Logically Constrained Rewrite Systems Jonas Sch\u00f6pf and Aart Middeldorp A Theory of Cartesian Arrays with Applications in Quantum Circuit Verification Yu-Fang Chen, Philipp R\u00fcmmer and Wei-Lun Tsai Uniform [&hellip;]<\/p>\n","protected":false},"author":3,"featured_media":0,"parent":0,"menu_order":0,"comment_status":"closed","ping_status":"closed","template":"","meta":{"_et_pb_use_builder":"on","_et_pb_old_content":"<!-- wp:divi\/placeholder \/-->","_et_gb_content_width":""},"_links":{"self":[{"href":"https:\/\/easyconferences.eu\/cade2023\/wp-json\/wp\/v2\/pages\/338"}],"collection":[{"href":"https:\/\/easyconferences.eu\/cade2023\/wp-json\/wp\/v2\/pages"}],"about":[{"href":"https:\/\/easyconferences.eu\/cade2023\/wp-json\/wp\/v2\/types\/page"}],"author":[{"embeddable":true,"href":"https:\/\/easyconferences.eu\/cade2023\/wp-json\/wp\/v2\/users\/3"}],"replies":[{"embeddable":true,"href":"https:\/\/easyconferences.eu\/cade2023\/wp-json\/wp\/v2\/comments?post=338"}],"version-history":[{"count":10,"href":"https:\/\/easyconferences.eu\/cade2023\/wp-json\/wp\/v2\/pages\/338\/revisions"}],"predecessor-version":[{"id":243765,"href":"https:\/\/easyconferences.eu\/cade2023\/wp-json\/wp\/v2\/pages\/338\/revisions\/243765"}],"wp:attachment":[{"href":"https:\/\/easyconferences.eu\/cade2023\/wp-json\/wp\/v2\/media?parent=338"}],"curies":[{"name":"wp","href":"https:\/\/api.w.org\/{rel}","templated":true}]}}