{"id":361,"date":"2021-01-11T19:22:58","date_gmt":"2021-01-11T19:22:58","guid":{"rendered":"http:\/\/easyconferences.eu\/ciac2021\/?page_id=361"},"modified":"2021-01-11T19:39:49","modified_gmt":"2021-01-11T19:39:49","slug":"accepted-papers","status":"publish","type":"page","link":"https:\/\/easyconferences.eu\/ciac2021\/accepted-papers\/","title":{"rendered":"Accepted Papers"},"content":{"rendered":"<p>[et_pb_section fb_built=&#8221;1&#8243; _builder_version=&#8221;4.3.3&#8243; custom_padding=&#8221;||2px|||&#8221; top_divider_style=&#8221;wave2&#8243; top_divider_color=&#8221;#e09900&#8243;][et_pb_row _builder_version=&#8221;4.3.3&#8243;][et_pb_column type=&#8221;4_4&#8243; _builder_version=&#8221;4.3.3&#8243;][et_pb_text _builder_version=&#8221;4.3.3&#8243; hover_enabled=&#8221;0&#8243;]<\/p>\n<h1 style=\"text-align: center;\">Accepted Papers<\/h1>\n<p>[\/et_pb_text][et_pb_divider color=&#8221;#e09900&#8243; _builder_version=&#8221;4.3.3&#8243;][\/et_pb_divider][\/et_pb_column][\/et_pb_row][et_pb_row _builder_version=&#8221;4.3.3&#8243; hover_enabled=&#8221;0&#8243; column_structure=&#8221;1_2,1_2&#8243;][et_pb_column type=&#8221;1_2&#8243; _builder_version=&#8221;4.3.3&#8243;][et_pb_text _builder_version=&#8221;4.3.3&#8243;]<\/p>\n<div class=\"paper\">\n<p><span class=\"authors\"><span><strong><span class=\"title\">Online Two-Dimensional Vector Packing with Advice<\/span><\/strong><br \/>Bengt J. Nilsson and Gordana Vujovic<\/span><\/span><\/p>\n<p><strong><span class=\"title\">On Vertex-Weighted Graph Realizations<\/span><\/strong><\/p>\n<\/div>\n<div class=\"paper\"><strong><span class=\"title\"><\/span><\/strong><\/div>\n<div class=\"paper\"><strong><span class=\"title\"><\/span><\/strong><\/div>\n<div class=\"paper\"><strong><span class=\"title\"><\/span><\/strong><\/div>\n<div class=\"paper\">\n<p><span class=\"authors\"><span><a href=\"http:\/\/www.sci.brooklyn.cuny.edu\/~amotz\/\">Amotz Bar-Noy<\/a>, Toni B\u00f6hnlein, <a href=\"http:\/\/www.wisdom.weizmann.ac.il\/~peleg\/\">David Peleg<\/a> and <a href=\"http:\/\/www.eng.biu.ac.il\/~rawitzd\">Dror Rawitz<\/a><\/span><\/span><span class=\"authors\"><span><strong><span class=\"title\"><\/span><\/strong><\/span><\/span><\/p>\n<p><strong>FPT and kernelization algorithms for the Induced Tree problem<\/strong><br \/><span class=\"authors\"><span><\/span><\/span><\/p>\n<\/div>\n<div class=\"paper\"><span class=\"authors\"><span>Guilherme de Castro Mendes Gomes, <a href=\"http:\/\/www.dcc.ufmg.br\/~viniciussantos\">Vinicius F. dos Santos<\/a>, <a href=\"http:\/\/www.inf.ufpr.br\/murilo\/\">Murilo Da Silva<\/a> and Jayme Szwarcfiter<\/span>.<\/span><\/div>\n<div class=\"paper\"><span class=\"authors\">\u00a0<\/span><\/div>\n<div class=\"paper\">\n<p><span class=\"authors\"><span><strong><span class=\"title\">Temporal Matching on Geometric Graph Data<\/span><\/strong><br \/>Timoth\u00e9 Picavet, Ngoc-Trung Nguyen and <a href=\"http:\/\/www-apr.lip6.fr\/~buixuan\/\">Binh-Minh Bui-Xuan<\/a><\/span>.<\/span><\/p>\n<\/div>\n<div class=\"paper\"><span class=\"authors\"><span><\/span><\/span><\/div>\n<div class=\"paper\">\n<div class=\"paper\"><strong><span class=\"title\"><br \/>Covering a set of line segments with a few squares<\/span><\/strong><\/div>\n<p><span class=\"authors\"><span>Joachim Gudmundsson, Mees van de Kerkhof, Andr\u00e9 van Renssen, Frank Staals, Lionov Wiratma and Sampson Wong<\/span><\/span><\/p>\n<\/div>\n<div class=\"paper\"><span class=\"title\"><\/span><\/div>\n<div class=\"paper\">\n<p><span class=\"title\"><br \/><\/span><span class=\"authors\"><span><strong><span class=\"title\">Throughput Scheduling with Equal Additive Laxity<\/span><\/strong><br \/>Martin B\u00f6hm, Nicole Megow and Jens Schl\u00f6ter<\/span><\/span><\/p>\n<p><span class=\"authors\"><span><strong><span class=\"title\">Upper Dominating Set: Tight Algorithms for Pathwidth and Sub-Exponential Approximation<\/span><\/strong><br \/>Louis Dublois, <a href=\"http:\/\/www.lamsade.dauphine.fr\/~mlampis\/\">Michael Lampis<\/a> and <a href=\"http:\/\/www.lamsade.dauphine.fr\/~paschos\">Vangelis Paschos<\/a><\/span><\/span><\/p>\n<p><span class=\"authors\"><span><strong><span class=\"title\">On 2-Clubs in Graph-Based Data Clustering: Theory and Algorithm Engineering<\/span><\/strong><br \/>Aleksander Figiel, Anne-Sophie Himmel, <a href=\"http:\/\/www.akt.tu-berlin.de\/menue\/team\/nichterlein-andre\/\">Andr\u00e9 Nichterlein<\/a> and <a href=\"http:\/\/www.akt.tu-berlin.de\/menue\/team\/niedermeier-rolf\/\">Rolf Niedermeier<br \/><\/a><\/span><\/span><\/p>\n<\/div>\n<div class=\"paper\">\n<p><span class=\"authors\"><span><br \/><strong><span class=\"title\">On the Role of $3$&#8217;s for the 1-2-3 Conjecture<\/span><\/strong><br \/>Julien Bensmail, Foivos Fioravantes and Fionn Mc Inerney<br \/><\/span><\/span>\u00a0<\/p>\n<\/div>\n<div class=\"paper\">\n<p><span class=\"authors\"><span class=\"authors\"><span><strong><span class=\"title\">Globally rigid augmentation of minimally rigid graphs in R^2<\/span><\/strong><br \/>Csaba Kir\u00e1ly and Andr\u00e1s Mih\u00e1lyk\u00f3<br \/><\/span><\/span><\/span><strong><span class=\"title\"><br \/>Extending Partial Representations of Rectangular Duals with Given Contact Orientations<br \/><\/span><\/strong><span class=\"authors\"><span><\/span><\/span><span class=\"authors\"><span><a href=\"https:\/\/go.uniwue.de\/jklawitter\">Jonathan Klawitter<\/a>, Steven Chaplick, <a href=\"https:\/\/go.uniwue.de\/pkinderm\">Philipp Kindermann<\/a>, <a href=\"http:\/\/www.fim.uni-passau.de\/theoretische-informatik\/lehrstuhlteam\/prof-dr-ignaz-rutter\/\">Ignaz Rutter<\/a> and <a href=\"https:\/\/www.informatik.uni-wuerzburg.de\/algo\/mitarbeiterinnen\/wolff-alexander\/\">Alexander Wolff<br \/><\/a><\/span><\/span><span class=\"authors\"><\/span><span class=\"authors\"><br \/><strong><span class=\"title\">Can Local Optimality Be Used for Efficient Data Reduction?<br \/><\/span><\/strong><span class=\"title\"><\/span><span><a href=\"https:\/\/www.uni-marburg.de\/en\/fb12\/research-groups\/algorith\/christian-komusiewicz\">Christian Komusiewicz<\/a> and Nils Morawietz<\/span>.<\/span><\/p>\n<\/div>\n<div class=\"paper\"><span class=\"authors\">\u00a0<\/span><\/div>\n<div class=\"paper\">\n<p><span class=\"authors\"><strong><span class=\"title\">A Multistage View on 2-Satisfiability<\/span><\/strong><br \/>Till Fluschnik<\/span><\/p>\n<\/div>\n<p>[\/et_pb_text][\/et_pb_column][et_pb_column _builder_version=&#8221;4.3.3&#8243; type=&#8221;1_2&#8243; hover_enabled=&#8221;0&#8243;][et_pb_text _builder_version=&#8221;4.3.3&#8243; hover_enabled=&#8221;0&#8243;]<\/p>\n<div class=\"paper\">\n<p><span class=\"authors\"><span><strong><span class=\"title\">The Weisfeiler-Leman Algorithm and Recognition of Graph Properties<\/span><\/strong><br \/><a href=\"https:\/\/www.informatik.hu-berlin.de\/en\/forschung-en\/gebiete\/algorithmenII\/mitarbeiter-en\/fuhlbrueck-en\/standardseite-en\">Frank Fuhlbr\u00fcck<\/a>, <a href=\"http:\/\/www.informatik.hu-berlin.de\/~koebler\">Johannes Koebler<\/a>, <a href=\"http:\/\/www.pdmi.ras.ru\/~inp\/\">Ilia Ponomarenko<\/a> and <a href=\"https:\/\/sites.google.com\/site\/overbitsky\/\">Oleg Verbitsky<\/p>\n<p><\/a><\/span><\/span><span class=\"authors\"><span><span class=\"title\"><strong>Reconfiguration of Connected Graph Partitions via Recombination<\/strong><br \/><\/span><a href=\"https:\/\/www.eecs.tufts.edu\/~halves01\/\">Hugo Akitaya<\/a>, Matias Korman, Oliver Korten, <a href=\"http:\/\/www.cs.tufts.edu\/~dls\">Diane Souvaine<\/a> and <a href=\"http:\/\/csabatoth.org\/\">Csaba Toth<\/a><\/span><\/span><span class=\"title\"><\/span><\/p>\n<\/div>\n<div class=\"paper\">\n<p>&nbsp;<\/p>\n<\/div>\n<div class=\"paper\">\n<p><span class=\"authors\"><span><strong><span class=\"title\">Exploring the Gap Between Treedepth and Vertex Cover Through Vertex Integrity<\/span><\/strong><br \/>Tatsuya Gima, <a href=\"https:\/\/sites.google.com\/view\/tesshu-hanaka\/home\">Tesshu Hanaka<\/a>, Masashi Kiyomi, <a href=\"https:\/\/sites.google.com\/site\/yasu0207\/\">Yasuaki Kobayashi<\/a> and <a href=\"http:\/\/www.math.mi.i.nagoya-u.ac.jp\/~otachi\/\">Yota Otachi<\/p>\n<p><\/a><\/span><\/span><span class=\"title\"><\/span><\/p>\n<\/div>\n<div class=\"paper\">\n<p><span class=\"authors\"><span><strong><span class=\"title\">Colouring Graphs of Bounded Diameter in the Absence of Small Cycles<\/span><\/strong><br \/><a href=\"http:\/\/www.bedewell.com\/barn\/\">Barnaby Martin<\/a>, <a href=\"http:\/\/community.dur.ac.uk\/daniel.paulusma\/\">Daniel Paulusma<\/a> and Siani Smith<\/span><\/span><span class=\"title\"><\/span><\/p>\n<\/div>\n<div class=\"paper\">\n<p><span class=\"authors\"><span><strong><span class=\"title\"><br \/>Circumventing Connectivity for Kernelization<\/span><\/strong><br \/><a href=\"https:\/\/pallavijain.weebly.com\">Pallavi Jain<\/a>, Lawqueen Kanesh, Shivesh Kumar Roy, <a href=\"http:\/\/www.imsc.res.in\/~saket\">Saket Saurabh<\/a> and Roohani Sharma<\/span><\/span><span class=\"title\"><\/span><\/p>\n<\/div>\n<div class=\"paper\">\n<p><span class=\"authors\"><span><strong><span class=\"title\"><br \/>The Parameterized Suffix Tray<\/span><\/strong><br \/>Noriki Fujisato, Yuto Nakashima, Shunsuke Inenaga, Hideo Bannai and Masayuki Takeda<br \/><\/span><\/span><span class=\"title\"><\/span>\u00a0<\/p>\n<\/div>\n<div class=\"paper\">\n<p><span class=\"authors\"><span><strong><span class=\"title\">Algorithms for Energy Conservation in Heterogeneous Data Centers<\/span><\/strong><br \/>Susanne Albers and Jens Quedenfeld<br \/><\/span><\/span><span class=\"title\"><\/span>\u00a0<\/p>\n<\/div>\n<div class=\"paper\">\n<p><span class=\"authors\"><span><strong><span class=\"title\">Online and approximate network construction from bounded connectivity constraints<\/span><\/strong><br \/>Jesper Jansson, Christos Levcopoulos and Andrzej Lingas<br \/><\/span><\/span><span class=\"title\"><\/span>\u00a0<\/p>\n<\/div>\n<div class=\"paper\">\n<p><span class=\"authors\"><span><strong><span class=\"title\">The Multi-Budget Maximum Weighted Coverage Problem<\/span><\/strong><br \/>Francesco Cellinese, <a href=\"http:\/\/informatica.ing.univaq.it\/dangelo\">Gianlorenzo D&#8217;Angelo<\/a>, <a href=\"http:\/\/www.gianpieromonaco.com\">Gianpiero Monaco<\/a> and Yllka Velaj<br \/><\/span><\/span><span class=\"title\"><\/span>\u00a0<\/p>\n<\/div>\n<div class=\"paper\">\n<p><span class=\"authors\"><span><strong><span class=\"title\">Three problems on well-partitioned chordal graphs<\/span><\/strong><br \/><a href=\"https:\/\/dimag.ibs.re.kr\/home\/jungho\/\">Jungho Ahn<\/a>, <a href=\"https:\/\/folk.uib.no\/lja081\/\">Lars Jaffke<\/a>, <a href=\"http:\/\/ojkwon.com\">O-Joung Kwon<\/a> and <a href=\"http:\/\/ii.uib.no\/~palomal\">Paloma de Lima<br \/><\/a><\/span><\/span><span class=\"title\"><\/span>\u00a0<\/p>\n<\/div>\n<div class=\"paper\">\n<p><span class=\"authors\"><strong><span class=\"title\">A Tight Lower Bound for Edge-Disjoint Paths on Planar DAGs<\/span><\/strong><br \/><a href=\"https:\/\/rajeshchitnis.github.io\/\">Rajesh Chitnis<br \/><\/a><\/span><span class=\"title\"><\/span>\u00a0<\/p>\n<\/div>\n<div class=\"paper\">\n<p><span class=\"authors\"><span><strong><span class=\"title\">Distributed Distance-$r$ Covering Problems\\\\ on Sparse High-Girth Graphs<\/span><\/strong><br \/>Saeed Akhoondian Amiri and Ben Wiederhake<br \/><\/span><\/span><span class=\"title\"><\/span>\u00a0<\/p>\n<\/div>\n<div class=\"paper\">\n<p><span class=\"authors\"><span><strong><span class=\"title\">Upper Tail Analysis of Bucket Sort and Random Tries<\/span><\/strong><br \/><a href=\"http:\/\/www.cs.umd.edu\/~ioana\/\">Ioana Bercea<\/a> and <a href=\"http:\/\/www.eng.tau.ac.il\/~guy\">Guy Even<br \/><\/a><\/span><\/span><span class=\"title\"><\/span>\u00a0<\/p>\n<\/div>\n<div class=\"paper\"><span class=\"authors\"><span><strong><span class=\"title\">Fragile Complexity of Adaptive Algorithms<\/span><\/strong><br \/>Prosenjit Bose, Pilar Cano, Rolf Fagerberg, John Iacono, <a href=\"http:\/\/www.itu.dk\/people\/rikj\/\">Riko Jacob<\/a> and <a href=\"http:\/\/cgm.cs.mcgill.ca\/~sl\/\">Stefan Langerman<\/a><\/span><\/span><\/div>\n<p>[\/et_pb_text][\/et_pb_column][\/et_pb_row][\/et_pb_section]<\/p>\n","protected":false},"excerpt":{"rendered":"<p>Accepted Papers Online Two-Dimensional Vector Packing with AdviceBengt J. Nilsson and Gordana Vujovic On Vertex-Weighted Graph Realizations Amotz Bar-Noy, Toni B\u00f6hnlein, David Peleg and Dror Rawitz FPT and kernelization algorithms for the Induced Tree problem Guilherme de Castro Mendes Gomes, Vinicius F. dos Santos, Murilo Da Silva and Jayme Szwarcfiter. \u00a0 Temporal Matching on Geometric [&hellip;]<\/p>\n","protected":false},"author":1,"featured_media":0,"parent":0,"menu_order":0,"comment_status":"closed","ping_status":"closed","template":"","meta":{"_et_pb_use_builder":"on","_et_pb_old_content":"","_et_gb_content_width":""},"_links":{"self":[{"href":"https:\/\/easyconferences.eu\/ciac2021\/wp-json\/wp\/v2\/pages\/361"}],"collection":[{"href":"https:\/\/easyconferences.eu\/ciac2021\/wp-json\/wp\/v2\/pages"}],"about":[{"href":"https:\/\/easyconferences.eu\/ciac2021\/wp-json\/wp\/v2\/types\/page"}],"author":[{"embeddable":true,"href":"https:\/\/easyconferences.eu\/ciac2021\/wp-json\/wp\/v2\/users\/1"}],"replies":[{"embeddable":true,"href":"https:\/\/easyconferences.eu\/ciac2021\/wp-json\/wp\/v2\/comments?post=361"}],"version-history":[{"count":6,"href":"https:\/\/easyconferences.eu\/ciac2021\/wp-json\/wp\/v2\/pages\/361\/revisions"}],"predecessor-version":[{"id":373,"href":"https:\/\/easyconferences.eu\/ciac2021\/wp-json\/wp\/v2\/pages\/361\/revisions\/373"}],"wp:attachment":[{"href":"https:\/\/easyconferences.eu\/ciac2021\/wp-json\/wp\/v2\/media?parent=361"}],"curies":[{"name":"wp","href":"https:\/\/api.w.org\/{rel}","templated":true}]}}