{"id":118,"date":"2014-06-05T09:23:03","date_gmt":"2014-06-05T09:23:03","guid":{"rendered":"http:\/\/www.easyconferences.eu\/elpub2015\/?page_id=118"},"modified":"2015-03-03T08:33:39","modified_gmt":"2015-03-03T08:33:39","slug":"committees","status":"publish","type":"page","link":"https:\/\/easyconferences.eu\/elpub2015\/?page_id=118","title":{"rendered":"Committees"},"content":{"rendered":"[vc_row][vc_column width=&#8221;1\/1&#8243;][divider line_type=&#8221;No Line&#8221; custom_height=&#8221;20&#8243;][\/vc_column][\/vc_row][vc_row][vc_column][vc_column_text]\n<h3>General Chair<\/h3>\n<ul>\n<li>Dobreva, Milena &#8211; University of Malta, Malta<\/li>\n<\/ul>\n<h3>Programme Chair<\/h3>\n<ul>\n<li>Schmidt, Birgit &#8211; University of G\u00f6ttingen, Germany<\/li>\n<\/ul>\n<h3>Programme Committee Members<\/h3>\n<ul>\n<li>Abela, Charlie \u2013 University of Malta, Malta<\/li>\n<li>Baptista, Ana Alice \u2013 University of Minho, Portugal<\/li>\n<li>Callaghan, Sarah \u2013 STFC, UK<\/li>\n<li>Chan, Leslie \u2013 University of Toronto, Canada<\/li>\n<li>Costa, Sely \u2013 University of Brasilia, Brasil<\/li>\n<li>van Edig, Xenia \u2013 Copernicus Publications, Germany<\/li>\n<li>Elb\u00e6k, Mikael \u2013 Technical University of Denmark, Denmark<\/li>\n<li>Engelen, Jan \u2013 Katholieke Universiteit Leuven, Belgium<\/li>\n<li>Grim, Rob \u2013 Tilburg University, The Netherlands<\/li>\n<li>Gruttemeier, Herbert \u2013 Inist \u2013 CNRS, France<\/li>\n<li>Gudinavicius, Arunas \u2013 Vilnius University, Lithuania<\/li>\n<li>Hedlund, Turid \u2013 Hanken School of Economics, Finland<\/li>\n<li>Linde, Peter \u2013 Blekinge Institute of Technology, Sweden<\/li>\n<li>Loizides, Fernando \u2013 Cyprus University of Technology, Cyprus<\/li>\n<li>Manola, Natalia \u2013 University of Athens, Greece<\/li>\n<li>Martens, Bob \u2013 Vienna University of Technology, Austria<\/li>\n<li>M\u00e9ndez Rodr\u00edguez, Eva Mar\u00eda \u2013 Universidad Carlos III de Madrid, Spain<\/li>\n<li>Molloy, Jenny \u2013 University of Oxford, Open Knowledge Foundation, UK<\/li>\n<li>Mornati, Suzanna \u2013 CINECA, Italy<\/li>\n<li>Polydoratou, Panayiota \u2013 ATEI of Thessaloniki, Greece<\/li>\n<li>Reilly, Susan \u2013 LIBER, The Netherlands<\/li>\n<li>Romary, Laurent \u2013 INRIA, Humboldt University, Germany<\/li>\n<li>Sutton, Caroline \u2013 Co-Action Publishing, OASPA, Sweden<\/li>\n<li>Tonta, Ya\u015far \u2013 Hacettepe University, Turkey<\/li>\n<\/ul>\n[\/vc_column_text][\/vc_column][\/vc_row][vc_row type=&#8221;full_width_background&#8221; bg_position=&#8221;left top&#8221; bg_repeat=&#8221;no-repeat&#8221; bg_color=&#8221;#e2e2e2&#8243; text_color=&#8221;dark&#8221; text_align=&#8221;center&#8221; top_padding=&#8221;40&#8243; bottom_padding=&#8221;40&#8243;][vc_column][vc_column_text]\n<h3 style=\"text-align: center;\">Scale, Openness and Trust: New Avenues for Electronic Publishing in the Age of Infinite Collections and Citizen Science<\/h3>\n<p style=\"text-align: center;\">ELPUB 2015<\/p>\n[\/vc_column_text][\/vc_column][\/vc_row]\n","protected":false},"excerpt":{"rendered":"<p>[vc_row][vc_column width=&#8221;1\/1&#8243;][divider line_type=&#8221;No Line&#8221; custom_height=&#8221;20&#8243;][\/vc_column][\/vc_row][vc_row][vc_column][vc_column_text] General Chair Dobreva, Milena &#8211; University of Malta, Malta Programme Chair Schmidt, Birgit &#8211; University of G\u00f6ttingen, Germany Programme Committee Members Abela, Charlie \u2013 University&#8230;<\/p>\n","protected":false},"author":1,"featured_media":0,"parent":0,"menu_order":0,"comment_status":"closed","ping_status":"closed","template":"","meta":[],"_links":{"self":[{"href":"https:\/\/easyconferences.eu\/elpub2015\/index.php?rest_route=\/wp\/v2\/pages\/118"}],"collection":[{"href":"https:\/\/easyconferences.eu\/elpub2015\/index.php?rest_route=\/wp\/v2\/pages"}],"about":[{"href":"https:\/\/easyconferences.eu\/elpub2015\/index.php?rest_route=\/wp\/v2\/types\/page"}],"author":[{"embeddable":true,"href":"https:\/\/easyconferences.eu\/elpub2015\/index.php?rest_route=\/wp\/v2\/users\/1"}],"replies":[{"embeddable":true,"href":"https:\/\/easyconferences.eu\/elpub2015\/index.php?rest_route=%2Fwp%2Fv2%2Fcomments&post=118"}],"version-history":[{"count":16,"href":"https:\/\/easyconferences.eu\/elpub2015\/index.php?rest_route=\/wp\/v2\/pages\/118\/revisions"}],"predecessor-version":[{"id":581,"href":"https:\/\/easyconferences.eu\/elpub2015\/index.php?rest_route=\/wp\/v2\/pages\/118\/revisions\/581"}],"wp:attachment":[{"href":"https:\/\/easyconferences.eu\/elpub2015\/index.php?rest_route=%2Fwp%2Fv2%2Fmedia&parent=118"}],"curies":[{"name":"wp","href":"https:\/\/api.w.org\/{rel}","templated":true}]}}