{"id":244931,"date":"2025-10-20T09:22:18","date_gmt":"2025-10-20T09:22:18","guid":{"rendered":"https:\/\/easyconferences.eu\/ictai2025\/?page_id=244931"},"modified":"2025-10-20T09:24:40","modified_gmt":"2025-10-20T09:24:40","slug":"program-committee","status":"publish","type":"page","link":"https:\/\/easyconferences.eu\/ictai2025\/program-committee\/","title":{"rendered":"Program Committee"},"content":{"rendered":"<p>[et_pb_section fb_built=&#8221;1&#8243; _builder_version=&#8221;4.27.4&#8243; _module_preset=&#8221;default&#8221; background_color=&#8221;rgba(0,0,0,0.43)&#8221; background_image=&#8221;https:\/\/easyconferences.eu\/ictai2025\/wp-content\/uploads\/2025\/03\/caryatides-2-scaled.jpg&#8221; background_blend=&#8221;overlay&#8221; min_height=&#8221;290px&#8221; custom_margin=&#8221;||22px|||&#8221; custom_padding=&#8221;98px||0px|||&#8221; bottom_divider_style=&#8221;wave&#8221; bottom_divider_color=&#8221;#FFFFFF&#8221; bottom_divider_height=&#8221;80px&#8221; bottom_divider_repeat=&#8221;1x&#8221; da_disable_devices=&#8221;off|off|off&#8221; box_shadow_style=&#8221;preset6&#8243; global_colors_info=&#8221;{}&#8221; da_is_popup=&#8221;off&#8221; da_exit_intent=&#8221;off&#8221; da_has_close=&#8221;on&#8221; da_alt_close=&#8221;off&#8221; da_dark_close=&#8221;off&#8221; da_not_modal=&#8221;on&#8221; da_is_singular=&#8221;off&#8221; da_with_loader=&#8221;off&#8221; da_has_shadow=&#8221;on&#8221;][et_pb_row _builder_version=&#8221;4.19.4&#8243; _module_preset=&#8221;default&#8221; background_enable_color=&#8221;off&#8221; custom_margin=&#8221;-30px|auto||auto||&#8221; custom_padding=&#8221;0px|||||&#8221; global_colors_info=&#8221;{}&#8221;][et_pb_column type=&#8221;4_4&#8243; _builder_version=&#8221;4.19.4&#8243; _module_preset=&#8221;default&#8221; global_colors_info=&#8221;{}&#8221;][dsm_text_divider header=&#8221;PROGRAM COMMITTEE &#8221; color=&#8221;#FFFFFF&#8221; _builder_version=&#8221;4.27.4&#8243; _module_preset=&#8221;default&#8221; header_level=&#8221;h1&#8243; header_text_color=&#8221;#FFFFFF&#8221; header_font_size=&#8221;40px&#8221; background_enable_color=&#8221;off&#8221; hover_enabled=&#8221;0&#8243; global_colors_info=&#8221;{}&#8221; sticky_enabled=&#8221;0&#8243;][\/dsm_text_divider][\/et_pb_column][\/et_pb_row][\/et_pb_section][et_pb_section fb_built=&#8221;1&#8243; _builder_version=&#8221;4.16&#8243; custom_padding=&#8221;3px|||||&#8221; da_disable_devices=&#8221;off|off|off&#8221; global_colors_info=&#8221;{}&#8221; da_is_popup=&#8221;off&#8221; da_exit_intent=&#8221;off&#8221; da_has_close=&#8221;on&#8221; da_alt_close=&#8221;off&#8221; da_dark_close=&#8221;off&#8221; da_not_modal=&#8221;on&#8221; da_is_singular=&#8221;off&#8221; da_with_loader=&#8221;off&#8221; da_has_shadow=&#8221;on&#8221;][et_pb_row _builder_version=&#8221;4.16&#8243; global_colors_info=&#8221;{}&#8221;][et_pb_column type=&#8221;4_4&#8243; _builder_version=&#8221;4.16&#8243; global_colors_info=&#8221;{}&#8221;][et_pb_text _builder_version=&#8221;4.27.4&#8243; _module_preset=&#8221;default&#8221; custom_padding=&#8221;||0px|||&#8221; global_colors_info=&#8221;{}&#8221;]<\/p>\n<h3><strong><u>Program Committee Members and Reviewers<\/u><\/strong><\/h3>\n<p><em>Salvador Abreu, NOVA-LINCS \/ University of Evora, Portugal<\/em><\/p>\n<p><em>Chirag Agrawal, Amazon.com Inc., United States<\/em><\/p>\n<p><em>Leonidas Akritidis, University of Thessaly, Greece<\/em><\/p>\n<p><em>Mohammad Alodadi, University of Maryland Baltimore County, United States<\/em><\/p>\n<p><em>Dimitris Apostolou, University of Piraeus, Greece<\/em><\/p>\n<p><em>Alejandro Arbelaez, Universitat Polit\u00e8cnica de Val\u00e8ncia, Spain<\/em><\/p>\n<p><em>Ryuta Arisaka, Kyoto University, Japan<\/em><\/p>\n<p><em>Pauline Armary, Universit\u00e9 de Bourgogne, France<\/em><\/p>\n<p><em>William Armitage, University of South Florida, United States<\/em><\/p>\n<p><em>\u00c1ngel Aso-Mollar, Universitat Polit\u00e8cnica de Val\u00e8ncia, Spain<\/em><\/p>\n<p><em>Jean Paul Barddal, PUC-PR, Brazil<\/em><\/p>\n<p><em>Ioannis Bargiotas, Senior Research Fellow, France<\/em><\/p>\n<p><em>Roman Bart\u00e1k, Charles University, Czechia<\/em><\/p>\n<p><em>Ibrahim Bounhas, LISI Laboratory of Computer science for industrial systems,<\/em><\/p>\n<p><em>Carthage University, Tunisia, Tunisia<\/em><\/p>\n<p><em>Joel Lu\u00eds Carbonera, Universidade Federal do Rio Grande do Sul, Brazil<\/em><\/p>\n<p><em>Georgios Chalkiadakis, Technical University of Crete, Greece<\/em><\/p>\n<p><em>El Vaigh Cheikh Brahim, CIAD, France<\/em><\/p>\n<p><em>Haopeng Chen, Shanghai Jiao Tong University, China<\/em><\/p>\n<p><em>Yingke Chen, Northumbria University, United Kingdom<\/em><\/p>\n<p><em>Sami Cherif, Universit\u00e9 de picardie Jules Verne, France<\/em><\/p>\n<p><em>Yao-Yi Chiang, University of Minnesota, United States<\/em><\/p>\n<p><em>Arthur Choi, Kennesaw State University, United States<\/em><\/p>\n<p><em>Valency Oscar Colaco, Link\u00f6ping University, Sweden<\/em><\/p>\n<p><em>Jean-Paul Comet, Universit\u00e9 C\u00f4te d&#8217;Azur, France<\/em><\/p>\n<p><em>Stefania Costantini, Universit\u00e0 degli Studi dell&#8217;Aquila, Italy<\/em><\/p>\n<p><em>Jing Dai, Google, United States<\/em><\/p>\n<p><em>Simon de Givry, INRA &#8211; MIAT, France<\/em><\/p>\n<p><em>Elisabetta De Maria, Universit\u00e9 C\u00f4te d\u2019Azur, CNRS, I3S, France<\/em><\/p>\n<p><em>Bobin Deng, Kennesaw State University, Georgia<\/em><\/p>\n<p><em>Yunjie Deng, Georgia Institute of Technology, United States<\/em><\/p>\n<p><em>Nobel Dhar, Kennesaw State University, United States<\/em><\/p>\n<p><em>Katerina Doka, National Technical University of Athens, Greece<\/em><\/p>\n<p><em>Rahul Dubey, Missouri State University United States, United Kingdom<\/em><\/p>\n<p><em>Adrian Marius Dumitran, University of Bucharest, Romania<\/em><\/p>\n<p><em>Sayda Elmi, Yale University, South Korea<\/em><\/p>\n<p><em>Zhizhou Fang, University of Vienna, Austria<\/em><\/p>\n<p><em>Philip Feldman, University of Maryland, Baltimore County, United States<\/em><\/p>\n<p><em>Athanasios Fevgas, ECE Department, University of Thessaly, Greece<\/em><\/p>\n<p><em>Johannes K. Fichte, Link\u00f6ping University, Sweden<\/em><\/p>\n<p><em>Humbert Fiorino, University of Grenoble Alps &#8211; Universit\u00e9 Grenoble Alpes<\/em><\/p>\n<p><em>(UGA), Laboratoire d&#8217;Informatique de Grenoble (LIG), France<\/em><\/p>\n<p><em>Kei Sen Fong, National University of Singapore, Singapore<\/em><\/p>\n<p><em>Germain Forestier, Universit\u00e9 de Haute Alsace, France<\/em><\/p>\n<p><em>Jicheng Fu, University of Central Oklahoma, United States<\/em><\/p>\n<p><em>Kehan Gao, Eastern Connecticut State University, United States<\/em><\/p>\n<p><em>Kimberly Garc\u00eda, University of St Gallen, Switzerland<\/em><\/p>\n<p><em>Angel Luis Garrido, UNIVERSIDAD DE ZARAGOZA, Spain<\/em><\/p>\n<p><em>Alessio Gaspar, University of South Florida Polytechnic, United States<\/em><\/p>\n<p><em>Luca Geatti, University of Udine, Italy<\/em><\/p>\n<p><em>Mukulika Ghosh, Missouri State University, United States<\/em><\/p>\n<p><em>Nikolaos Gkorgkolis, Wright State University, Greece<\/em><\/p>\n<p><em>Gael Glorian, Huawei Technologies Ltd, France<\/em><\/p>\n<p><em>Garrett Goodman, Miami University, USA, United States<\/em><\/p>\n<p><em>Arnaud Gotlieb, Simula Research Laboratory, Norway<\/em><\/p>\n<p><em>Foteini Grivokostopoulou, University of Patras, Greece<\/em><\/p>\n<p><em>Allel Hadjali, LIAS\/ENSMA, France<\/em><\/p>\n<p><em>Ioannis Hatzilygeroudis, Department of Computer Engineering and Informatics,<\/em><\/p>\n<p><em>University of Patras, Greece<\/em><\/p>\n<p><em>Markus Hecher, CNRS, Artois University (CRIL), France<\/em><\/p>\n<p><em>Amel Hidouri, Univeristy of Tunis, Tunisia<\/em><\/p>\n<p><em>Radu Tudor Ionescu, University of Bucharest, Faculty of Mathematics and<\/em><\/p>\n<p><em>Computer Science, Romania<\/em><\/p>\n<p><em>Said Jabbour, CRIL CNRS &#8211; Univ. Artois, France<\/em><\/p>\n<p><em>Sanjiv Subodhnarayan Jha, University of St. Gallen, Switzerland<\/em><\/p>\n<p><em>Haodi Jiang, Sam Houston State University, United States<\/em><\/p>\n<p><em>Michael Johnstone, Deakin University, Australia<\/em><\/p>\n<p><em>Sai Nikhila Kanigiri, Kennesaw State University, United States<\/em><\/p>\n<p><em>Benjamin Kempinski, Radboud university, Netherlands<\/em><\/p>\n<p><em>Tetsuji Kuboyama, Gakushuin University, Japan<\/em><\/p>\n<ol>\n<li><em> K. Satish Kumar, University of Southern California, United States<\/em><\/li>\n<\/ol>\n<p><em>Alessandro Lameiras Koerich, ETS, Canada<\/em><\/p>\n<p><em>Luca Laurenti, TU Delft, United Kingdom<\/em><\/p>\n<p><em>Nguyen Quoc Khanh Le, Nanyang Technological University, Singapore<\/em><\/p>\n<p><em>Paea Le Pendu, UC Riverside, United States<\/em><\/p>\n<p><em>Mario Alejandro Leiva, Institute for Computer Science and Engineering (ICIC),<\/em><\/p>\n<p><em>CONICET-UNS, Argentina<\/em><\/p>\n<p><em>Marie-Jeanne Lesot, LIP6 &#8211; Sorbonne Universit\u00e9, France<\/em><\/p>\n<p><em>Chu-Min Li, Universit\u00e9 de Picardie Jules Verne, France<\/em><\/p>\n<p><em>Dagang Li, Macau University of Science and Technology, Macao<\/em><\/p>\n<p><em>Gang Li, Deakin University, Australia<\/em><\/p>\n<p><em>Xianfeng Li, Macau University of Science and Technology, Macao<\/em><\/p>\n<p><em>Aristidis Likas, University of Ioannina, Greece<\/em><\/p>\n<p><em>Ci Lin, University of Ottawa, Canada<\/em><\/p>\n<p><em>Hui Liu, Shanghai University of International Business and Economics, China<\/em><\/p>\n<p><em>Siming Liu, Missouri State University, United States<\/em><\/p>\n<p><em>Jerry Lonlac, IMT Nord Europe, IMT, Univ. Lille, Center for Digital<\/em><\/p>\n<p><em>Systems, France, France<\/em><\/p>\n<p><em>Samir Loudni, TASC (LS2N-CNRS), IMT Atlantique, France<\/em><\/p>\n<p><em>Damian Lyons, Fordham University, United States<\/em><\/p>\n<p><em>Brad Malin, Vanderbilt University, United States<\/em><\/p>\n<p><em>Agnieszka Mensfelt, Royal Holloway, University of London, United Kingdom<\/em><\/p>\n<p><em>Jui Mhatre, Kennesaw State University, India<\/em><\/p>\n<p><em>Romain Michelucci, Universit\u00e9 C\u00f4te d&#8217;Azur, France<\/em><\/p>\n<p><em>Alain Mille, LIRIS CNRS UMR 5205 &#8211; Universit de Lyon, France<\/em><\/p>\n<p><em>Jelena Mitrovi\u0107, University of Passau, Faculty of Computer Science and<\/em><\/p>\n<p><em>Mathematics, Germany<\/em><\/p>\n<p><em>Eric Monfroy, LERIA, Universit\u00e9 d&#8217;Angers, France<\/em><\/p>\n<p><em>Antonio Morgado, Inesc-ID\/IST ULisboa, Portugal<\/em><\/p>\n<p><em>Viraaji Mothukuri, Kennesaw State University, United States<\/em><\/p>\n<p><em>Nina Narodytska, VMware Research, United States<\/em><\/p>\n<p><em>Kazi Fahim Ahmad Nasif, Kennesaw Sate University, United States<\/em><\/p>\n<p><em>Mahmoud Nazzal, Old Dominion University, United States<\/em><\/p>\n<p><em>Manh Nguyen, Kennesaw State University, United States<\/em><\/p>\n<p><em>Eva Onaindia, Universitat Polit\u00e8cnica de Val\u00e8ncia, Spain<\/em><\/p>\n<p><em>Denis Pallez, Universit\u00e9 C\u00f4te d&#8217;Azur, France<\/em><\/p>\n<p><em>Dimitris Panagoulias, University of Piraeus, Greece<\/em><\/p>\n<p><em>Anand Panangadan, California State University, Fullerton, United States<\/em><\/p>\n<p><em>Iosif Papadakis Ktistakis, ASML, United States<\/em><\/p>\n<p><em>Constantinos Patsakis, University of Piraeus, Greece<\/em><\/p>\n<p><em>Jun Peng, Chongqing University of Science and Technology, China<\/em><\/p>\n<p><em>Guillaume Perez, University of Nice-Sophia Antipolis \/ I3S, France<\/em><\/p>\n<p><em>Isidoros Perikos, University of Patras, Greece<\/em><\/p>\n<p><em>Martin Pilat, Charles University, Faculty of Mathematics and Physics, Czechia<\/em><\/p>\n<p><em>Luca Piovesan, DISIT, Universit\u00e0 del Piemonte Orientale, Italy<\/em><\/p>\n<p><em>Dimitrios Pliatsios, University of Western Macedonia, Greece<\/em><\/p>\n<p><em>Luigi Portinale, Universita&#8217; del Piemonte Orientale &#8220;A. Avogadro&#8221;, Italy<\/em><\/p>\n<p><em>Luca Pulina, University of Sassari, Italy<\/em><\/p>\n<p><em>Luis Quesada, Insight Centre for Data Analytics, University College Cork, Ireland<\/em><\/p>\n<p><em>Manohar Raavi, University of Colorado, Colorado Springs, United States<\/em><\/p>\n<p><em>Badran Raddaoui, University Paris-Saclay, France<\/em><\/p>\n<p><em>Bhaskar Ramasubramanian, Western Washington University, United States<\/em><\/p>\n<p><em>Mariana Recamonde-Mendoza, Universidade Federal do Rio Grande do Sul, Brazil<\/em><\/p>\n<p><em>Marek Reformat, University of Alberta, Canada<\/em><\/p>\n<p><em>Jean-Charles Regin, UNiversit\u00e9 C\u00f4te d&#8217;Azur, France<\/em><\/p>\n<p><em>Fabr\u00edcio Henrique Rodigues, Universidade Federal do Rio Grande do Sul, Brazil<\/em><\/p>\n<p><em>Neil Rowe, U.S. Naval Postgraduate School, United States<\/em><\/p>\n<p><em>Zeezoo Ryu, Georgia Institute of Technology, United States<\/em><\/p>\n<p><em>Dinuka Sahabandu, University of Washington, United States<\/em><\/p>\n<p><em>Lakhdar Sais, CRIL, Universit\u00e9 d&#8217;Artois, France<\/em><\/p>\n<p><em>Francesco Santini, Department of Mathematics and Computer Science, University<\/em><\/p>\n<p><em>of Perugia, Perugia, Italy, Italy<\/em><\/p>\n<p><em>Themistoklis Sarantakos, University of Patras, United States<\/em><\/p>\n<p><em>Yutaka Sasaki, Toyota Technological Institute, Japan<\/em><\/p>\n<p><em>Fr\u00e9d\u00e9ric Saubion, LERIA &#8211; University of Angers, France<\/em><\/p>\n<p><em>Haim Schweitzer, The University of Texas at Dallas, United States<\/em><\/p>\n<p><em>Nazmus Shakib Shadin, Department of Computer Science, Kennesaw State University, United States<\/em><\/p>\n<p><em>Sachin Sharma, Infosys Ltd\/Kennesaw State University, United States<\/em><\/p>\n<p><em>Cogan Shimizu, Wright State University, United States<\/em><\/p>\n<p><em>Gr\u00e9gory Smits, IMT Atlantique\/Lab-STICC\/MOTEL, France<\/em><\/p>\n<p><em>Fabrizzio Soares, Universidade Federal de Goias, Brazil<\/em><\/p>\n<p><em>Mate Soos, Ethereum Foundation, Germany<\/em><\/p>\n<p><em>Kostas Stathis, Computer Science, Royal Holloway, University of London, United Kingdom<\/em><\/p>\n<p><em>Kostas Stergiou, University of Western Macedonia, Greece<\/em><\/p>\n<p><em>Pierre Talbot, University of Luxembourg, Luxembourg<\/em><\/p>\n<p><em>Carlo Taticchi, Universit\u00e0 degli Studi di Perugia, Italy<\/em><\/p>\n<p><em>Dimitrios Troullinos, Technical University of Crete, Greece<\/em><\/p>\n<p><em>Christos Tryfonopoulos, University of the Peloponnese, Greece<\/em><\/p>\n<p><em>Chrisa Tsinaraki, Technical University of Crete &#8211; School of Electrical and<\/em><\/p>\n<p><em>Computer Engineering, Greece<\/em><\/p>\n<p><em>Aimilios Tzavaras, Technical University of Crete, Greece<\/em><\/p>\n<p><em>Georgios Vardakas, University of Ioannina, Greece<\/em><\/p>\n<p><em>Abhishek Verma, California State University, Northridge, United States<\/em><\/p>\n<p><em>Autilia Vitiello, University of Naples Federico II, Italy<\/em><\/p>\n<p><em>Zhiyu Wan, Vanderbilt University Medical Center, United States<\/em><\/p>\n<p><em>Huanjing Wang, Western Kentucky University, United States<\/em><\/p>\n<p><em>Hai Xia, TU Wien, Austria<\/em><\/p>\n<p><em>Jingyan Xu, Fordham University, United States<\/em><\/p>\n<p><em>Adnan Yazici, METU, Turkey<\/em><\/p>\n<p><em>Peng Zhai, Fudan University, China<\/em><\/p>\n<p><em>Tianlin Zhang, The University of Manchester, United Kingdom<\/em><\/p>\n<p><em>Yifan Zhang, Missouri State University, United States<\/em><\/p>\n<p><em>Yi Zheng, University of Southern California, United States<\/em><\/p>\n<p><em>Lipu Zhou, Carnegie Mellon University, China<\/em><\/p>\n<p><em>Erkin \u00c7ilden, STM Savunma Teknolojileri M\u00fchendislik ve Tic. A.\u015e., Turkey<\/em><\/p>\n<p>[\/et_pb_text][\/et_pb_column][\/et_pb_row][\/et_pb_section]<\/p>\n","protected":false},"excerpt":{"rendered":"<p><div class=\"et_pb_module dsm_text_divider dsm_text_divider_0\">\n\t\t\t\t\n\t\t\t\t\n\t\t\t\t\n\t\t\t\t\n\t\t\t\t\n\t\t\t\t\n\t\t\t\t<div class=\"et_pb_module_inner\">\n\t\t\t\t\t<div class=\"dsm-text-divider-wrapper dsm-text-divider-align-center et_pb_bg_layout_light\">\n\t\t\t\t\n\t\t\t\t\n\t\t\t\t<div class=\"dsm-text-divider-before dsm-divider\"><\/div>\n\t\t\t\t<h1 class=\"dsm-text-divider-header et_pb_module_header\"><span>PROGRAM COMMITTEE <\/span><\/h1>\n\t\t\t\t<div class=\"dsm-text-divider-after dsm-divider\"><\/div>\n\t\t\t<\/div>\n\t\t\t\t<\/div>\n\t\t\t<\/div>Program Committee Members and Reviewers Salvador Abreu, NOVA-LINCS \/ University of Evora, Portugal Chirag Agrawal, Amazon.com Inc., United States Leonidas Akritidis, University of Thessaly, Greece Mohammad Alodadi, University of Maryland Baltimore County, United States Dimitris Apostolou, University of Piraeus, Greece Alejandro Arbelaez, Universitat Polit\u00e8cnica de Val\u00e8ncia, Spain Ryuta Arisaka, Kyoto University, Japan Pauline Armary, Universit\u00e9 de Bourgogne, France William Armitage, University of South Florida, United States \u00c1ngel Aso-Mollar, Universitat Polit\u00e8cnica de Val\u00e8ncia, Spain Jean Paul Barddal, PUC-PR, Brazil Ioannis Bargiotas, Senior Research Fellow, France Roman Bart\u00e1k, Charles University, Czechia Ibrahim Bounhas, LISI Laboratory of Computer science for industrial systems, Carthage University, Tunisia, Tunisia Joel Lu\u00eds Carbonera, Universidade Federal do Rio Grande do Sul, Brazil Georgios Chalkiadakis, Technical University of Crete, Greece El Vaigh Cheikh Brahim, CIAD, France Haopeng Chen, Shanghai Jiao Tong University, China Yingke Chen, Northumbria University, United Kingdom Sami Cherif, Universit\u00e9 de picardie Jules Verne, France Yao-Yi Chiang, University of Minnesota, United States Arthur Choi, Kennesaw State University, United States Valency Oscar Colaco, Link\u00f6ping University, Sweden Jean-Paul Comet, Universit\u00e9 C\u00f4te d&#8217;Azur, France Stefania Costantini, Universit\u00e0 degli Studi dell&#8217;Aquila, Italy Jing Dai, Google, United States Simon [&hellip;]<\/p>\n","protected":false},"author":8,"featured_media":0,"parent":0,"menu_order":0,"comment_status":"closed","ping_status":"closed","template":"","meta":{"_et_pb_use_builder":"on","_et_pb_old_content":"","_et_gb_content_width":"","footnotes":""},"class_list":["post-244931","page","type-page","status-publish","hentry"],"_links":{"self":[{"href":"https:\/\/easyconferences.eu\/ictai2025\/wp-json\/wp\/v2\/pages\/244931","targetHints":{"allow":["GET"]}}],"collection":[{"href":"https:\/\/easyconferences.eu\/ictai2025\/wp-json\/wp\/v2\/pages"}],"about":[{"href":"https:\/\/easyconferences.eu\/ictai2025\/wp-json\/wp\/v2\/types\/page"}],"author":[{"embeddable":true,"href":"https:\/\/easyconferences.eu\/ictai2025\/wp-json\/wp\/v2\/users\/8"}],"replies":[{"embeddable":true,"href":"https:\/\/easyconferences.eu\/ictai2025\/wp-json\/wp\/v2\/comments?post=244931"}],"version-history":[{"count":4,"href":"https:\/\/easyconferences.eu\/ictai2025\/wp-json\/wp\/v2\/pages\/244931\/revisions"}],"predecessor-version":[{"id":244936,"href":"https:\/\/easyconferences.eu\/ictai2025\/wp-json\/wp\/v2\/pages\/244931\/revisions\/244936"}],"wp:attachment":[{"href":"https:\/\/easyconferences.eu\/ictai2025\/wp-json\/wp\/v2\/media?parent=244931"}],"curies":[{"name":"wp","href":"https:\/\/api.w.org\/{rel}","templated":true}]}}