{"id":338,"date":"2020-07-16T10:30:48","date_gmt":"2020-07-16T10:30:48","guid":{"rendered":"http:\/\/easyconferences.eu\/imbsa2020\/?page_id=338"},"modified":"2020-07-16T10:40:27","modified_gmt":"2020-07-16T10:40:27","slug":"accepted-papers","status":"publish","type":"page","link":"https:\/\/easyconferences.eu\/imbsa2020\/accepted-papers\/","title":{"rendered":"Accepted Papers"},"content":{"rendered":"<p>[et_pb_section fb_built=&#8221;1&#8243; next_background_color=&#8221;#ffffff&#8221; _builder_version=&#8221;4.0.7&#8243; background_image=&#8221;http:\/\/easyconferences.eu\/imbsa2020\/wp-content\/uploads\/2019\/12\/tour_img-1187177-148.jpg&#8221; min_height=&#8221;234px&#8221; max_height=&#8221;234px&#8221; custom_margin=&#8221;|0px|2px|0px|false|false&#8221; custom_padding=&#8221;|0px|103px|0px|false|false&#8221; bottom_divider_style=&#8221;arrow2&#8243; custom_margin__hover_enabled=&#8221;off|desktop&#8221;][\/et_pb_section][et_pb_section fb_built=&#8221;1&#8243; _builder_version=&#8221;4.0.7&#8243;][et_pb_row _builder_version=&#8221;4.0.7&#8243; custom_margin=&#8221;-42px|auto||auto||&#8221;][et_pb_column type=&#8221;4_4&#8243; _builder_version=&#8221;4.0.7&#8243;][et_pb_text _builder_version=&#8221;4.0.7&#8243; hover_enabled=&#8221;0&#8243;]<\/p>\n<h1 style=\"text-align: center;\">Accepted Papers<\/h1>\n<p>[\/et_pb_text][et_pb_divider _builder_version=&#8221;4.0.7&#8243;][\/et_pb_divider][\/et_pb_column][\/et_pb_row][et_pb_row _builder_version=&#8221;4.0.7&#8243; custom_padding=&#8221;0px|||||&#8221;][et_pb_column type=&#8221;4_4&#8243; _builder_version=&#8221;4.0.7&#8243;][et_pb_text _builder_version=&#8221;4.0.7&#8243; custom_margin=&#8221;||18px|||&#8221; hover_enabled=&#8221;0&#8243;]<\/p>\n<div class=\"paper\"><span class=\"authors\"><span>Koorosh Aslansefat, Gholamreza Latif-Shabgahi and Mehrdad Mohammadi<\/span>.<br \/> <\/span><strong><span class=\"title\">Reliability Evaluation of Reconfigurable NMR Architecture Supported with Hot Standby Spare: Markov Modeling and Formulation<\/span><\/strong><\/div>\n<div class=\"paper\"><span class=\"authors\"><span><\/span><\/span><\/div>\n<div class=\"paper\"><span class=\"authors\"><span><br \/> Hamid Jahanian, David Parker, Marc Zeller, Yannis Papadopoulos and Annabelle McIver<\/span>.<br \/> <\/span><strong><span class=\"title\">Failure Mode Reasoning in Model Based Safety Analysis<\/span><\/strong><\/div>\n<div class=\"paper\"><span class=\"authors\"><span><\/span><\/span><\/div>\n<div class=\"paper\"><span class=\"authors\"><span><br \/> Lucas Bressan, Andr\u00e9 Luiz de Oliveira, Fernanda Campos, Yiannis Papadopoulos and David Parker<\/span>.<br \/> <\/span><strong><span class=\"title\">An integrated approach to support cost-effective process-based certification of variant-intensive systems<\/span><\/strong><\/div>\n<div class=\"paper\"><span class=\"authors\"><span><\/span><\/span><\/div>\n<div class=\"paper\"><span class=\"authors\"><span><br \/> Arut Prakash Kaleeswaran, Arne Nordmann, Thomas Vogel and Lars Grunske<\/span>.<br \/> <\/span><strong><span class=\"title\">Counterexample Interpretation for Contract-based Design<\/span><\/strong><\/div>\n<div class=\"paper\"><span class=\"title\"><\/span><\/div>\n<div class=\"paper\"><span class=\"authors\"><span><br \/> Nishanth Laxman, Chee Hung Koo and Peter Liggesmeyer<\/span>.<br \/> <\/span><strong><span class=\"title\">U-Map: A reference map for safe handling of runtime uncertainties<\/span><\/strong><\/div>\n<div class=\"paper\"><span class=\"authors\"><span><\/span><\/span><\/div>\n<div class=\"paper\"><span class=\"authors\"><span><br \/> Jan Reich, Joshua Frey, Emilia Cioroaica, Marc Zeller and Martin Rothfelder<\/span>.<br \/> <\/span><strong><span class=\"title\">Argument-Driven Safety Engineering of a Generic Infusion Pump with Digital Dependability Identities<\/span><\/strong><\/div>\n<div class=\"paper\"><span class=\"authors\"><span><\/span><\/span><\/div>\n<div class=\"paper\"><span class=\"authors\"><span><br \/> Sheng Ding, Andrey Morozov, Silvia Vock, Michael Weyrich and Klaus Janschek<\/span>.<br \/> <\/span><strong><span class=\"title\">Model-based Error Detection for Industrial Automation Systems using LSTM Networks<\/span><\/strong><\/div>\n<div class=\"paper\"><span class=\"authors\"><span><\/span><\/span><\/div>\n<div class=\"paper\"><span class=\"authors\"><span><br \/> Birte Kramer, Christian Neurohr, Matthias B\u00fcker, Eckard B\u00f6de, Martin Fr\u00e4nzle and Werner Damm<\/span>.<br \/> <\/span><strong><span class=\"title\">Identification and Quantification of Hazardous Scenarios for Automated Driving<\/span><\/strong><\/div>\n<div class=\"paper\"><span class=\"authors\"><span><\/span><\/span><\/div>\n<div class=\"paper\"><span class=\"authors\"><span><br \/> Hariharan Thiagarajan, Brian Larson, John Hatcliff and Yi Zhang<\/span>.<br \/> <\/span><strong><span class=\"title\">Model-based Risk Analysis for an Open Source PCA Pump using the AADL Error Modeling Annex<\/span><\/strong><\/div>\n<div class=\"paper\"><span class=\"authors\"><span><\/span><\/span><\/div>\n<div class=\"paper\"><span class=\"authors\"><span><br \/> Athira Varma Jayakumar and Carl Elks<\/span>.<br \/> <\/span><strong><span class=\"title\">Property-Based Fault Injection: A Novel Approach to Model-Based Fault Injection for Safety Critical Systems<\/span><\/strong><\/div>\n<div class=\"paper\"><span class=\"authors\"><span><\/span><\/span><\/div>\n<div class=\"paper\"><span class=\"authors\"><span><br \/> Stefan Kaalen and Mattias Nyberg<\/span>.<br \/> <\/span><strong><span class=\"title\">Branching Transitions for Semi-Markov Processes with Application to Safety-Critical Systems<\/span><\/strong><\/div>\n<div class=\"paper\"><span class=\"authors\"><span><\/span><\/span><\/div>\n<div class=\"paper\"><span class=\"authors\"><span><br \/> Anas Abdelkarim and Ping Zhang<\/span>.<br \/> <\/span><strong><span class=\"title\">Optimal Scheduling of Preventive Maintenance for Safety Instrumented Systems Based on Mixed-Integer Programming<\/span><\/strong><\/div>\n<div class=\"paper\"><span class=\"authors\"><span><\/span><\/span><\/div>\n<div class=\"paper\"><span class=\"authors\"><span><br \/> Nungki Selviandro, Richard Hawkins and Ibrahim Habli<\/span>.<br \/> <\/span><strong><span class=\"title\">A Visual Notation for the Representation of Assurance Cases using SACM<\/span><\/strong><\/div>\n<div class=\"paper\"><span class=\"authors\"><span><\/span><\/span><\/div>\n<div class=\"paper\"><span class=\"authors\"><span><br \/> Amr Hany Saleh, Jonathan Menu, Johan Vanhuyse and Mike Nicolai<\/span>.<br \/> <\/span><strong><span class=\"title\">Generative engineering for safety-critical system design<\/span><\/strong><\/div>\n<div class=\"paper\"><span class=\"authors\"><span><\/span><\/span><\/div>\n<div class=\"paper\"><span class=\"authors\"><span><br \/> Iwo Kurzidem, Ahmad Saad and Philipp Schleiss<\/span>.<br \/> <\/span><strong><span class=\"title\">A Systematic Approach to Analyzing Perception Architectures in Autonomous Vehicles<\/span><\/strong><\/div>\n<div class=\"paper\"><span class=\"authors\"><span><\/span><\/span><\/div>\n<div class=\"paper\"><span class=\"authors\"><span><br \/> Florian Grigoleit, Arnold Bitner and Iliya Valchev<\/span>.<br \/> <\/span><strong><span class=\"title\">Modelwise Paitron \u2013 A tool for automated FMEA<\/span><\/strong><\/div>\n<div class=\"paper\"><span class=\"authors\"><span><\/span><\/span><\/div>\n<div class=\"paper\"><span class=\"authors\"><span><br \/> Koorosh Aslansefat, Ioannis Sorokos, Declan Whiting, Ramin Tavakoli Kolagari and Yiannis Papadopoulos<\/span>.<br \/> <\/span><strong><span class=\"title\">SafeML: Safety Monitoring of Machine Learning Classifiers through Statistical Difference Measures<\/span><\/strong><\/div>\n<div class=\"paper\"><span class=\"authors\"><span><\/span><\/span><\/div>\n<div class=\"paper\"><span class=\"authors\"><span><br \/> Florian Grigoleit, Peter Struss, Jana von Wedel, Markus Heine and Julian Rhein<\/span>.<br \/> <\/span><strong><span class=\"title\">Lowering Barriers for Applying Model-based FMEA \u2013 Results of the qSafe Project<\/span><\/strong><\/div>\n<div class=\"paper\"><span class=\"authors\"><span><\/span><\/span><\/div>\n<div class=\"paper\"><span class=\"authors\"><span><br \/> Jan Reich, Ioannis Sorokos and Marc Zeller<\/span>.<br \/> <\/span><strong><span class=\"title\">An Eclipse Epsilon-Based Safety Engineering Tool Framework for the Creation, Integration and Validation of Digital Dependability Identities<\/span><\/strong><\/div>\n<p>[\/et_pb_text][\/et_pb_column][\/et_pb_row][\/et_pb_section]<\/p>\n","protected":false},"excerpt":{"rendered":"<p>Accepted Papers Koorosh Aslansefat, Gholamreza Latif-Shabgahi and Mehrdad Mohammadi. Reliability Evaluation of Reconfigurable NMR Architecture Supported with Hot Standby Spare: Markov Modeling and Formulation Hamid Jahanian, David Parker, Marc Zeller, Yannis Papadopoulos and Annabelle McIver. Failure Mode Reasoning in Model Based Safety Analysis Lucas Bressan, Andr\u00e9 Luiz de Oliveira, Fernanda Campos, Yiannis Papadopoulos and David [&hellip;]<\/p>\n","protected":false},"author":1,"featured_media":0,"parent":0,"menu_order":0,"comment_status":"closed","ping_status":"closed","template":"","meta":{"_et_pb_use_builder":"on","_et_pb_old_content":"","_et_gb_content_width":""},"_links":{"self":[{"href":"https:\/\/easyconferences.eu\/imbsa2020\/wp-json\/wp\/v2\/pages\/338"}],"collection":[{"href":"https:\/\/easyconferences.eu\/imbsa2020\/wp-json\/wp\/v2\/pages"}],"about":[{"href":"https:\/\/easyconferences.eu\/imbsa2020\/wp-json\/wp\/v2\/types\/page"}],"author":[{"embeddable":true,"href":"https:\/\/easyconferences.eu\/imbsa2020\/wp-json\/wp\/v2\/users\/1"}],"replies":[{"embeddable":true,"href":"https:\/\/easyconferences.eu\/imbsa2020\/wp-json\/wp\/v2\/comments?post=338"}],"version-history":[{"count":3,"href":"https:\/\/easyconferences.eu\/imbsa2020\/wp-json\/wp\/v2\/pages\/338\/revisions"}],"predecessor-version":[{"id":343,"href":"https:\/\/easyconferences.eu\/imbsa2020\/wp-json\/wp\/v2\/pages\/338\/revisions\/343"}],"wp:attachment":[{"href":"https:\/\/easyconferences.eu\/imbsa2020\/wp-json\/wp\/v2\/media?parent=338"}],"curies":[{"name":"wp","href":"https:\/\/api.w.org\/{rel}","templated":true}]}}