{"id":347,"date":"2020-07-22T09:59:12","date_gmt":"2020-07-22T09:59:12","guid":{"rendered":"http:\/\/easyconferences.eu\/imbsa2020\/?page_id=347"},"modified":"2020-07-22T10:02:11","modified_gmt":"2020-07-22T10:02:11","slug":"bpa","status":"publish","type":"page","link":"https:\/\/easyconferences.eu\/imbsa2020\/bpa\/","title":{"rendered":"Best Paper Award"},"content":{"rendered":"<p>[et_pb_section fb_built=&#8221;1&#8243; next_background_color=&#8221;#ffffff&#8221; _builder_version=&#8221;4.0.7&#8243; background_image=&#8221;http:\/\/easyconferences.eu\/imbsa2020\/wp-content\/uploads\/2019\/12\/tour_img-1187177-148.jpg&#8221; min_height=&#8221;234px&#8221; max_height=&#8221;234px&#8221; custom_margin=&#8221;|0px|2px|0px|false|false&#8221; custom_padding=&#8221;|0px|103px|0px|false|false&#8221; bottom_divider_style=&#8221;arrow2&#8243; custom_margin__hover_enabled=&#8221;off|desktop&#8221;][\/et_pb_section][et_pb_section fb_built=&#8221;1&#8243; _builder_version=&#8221;4.0.7&#8243;][et_pb_row _builder_version=&#8221;4.0.7&#8243; custom_margin=&#8221;-42px|auto||auto||&#8221;][et_pb_column type=&#8221;4_4&#8243; _builder_version=&#8221;4.0.7&#8243;][et_pb_text _builder_version=&#8221;4.0.7&#8243; hover_enabled=&#8221;0&#8243;]<\/p>\n<h1 style=\"text-align: center;\">Best Paper Award<\/h1>\n<p>[\/et_pb_text][et_pb_divider _builder_version=&#8221;4.0.7&#8243;][\/et_pb_divider][\/et_pb_column][\/et_pb_row][et_pb_row _builder_version=&#8221;4.0.7&#8243; custom_padding=&#8221;0px|||||&#8221; column_structure=&#8221;2_3,1_3&#8243;][et_pb_column type=&#8221;2_3&#8243; _builder_version=&#8221;4.0.7&#8243;][et_pb_text _builder_version=&#8221;4.0.7&#8243; custom_margin=&#8221;||18px|||&#8221; hover_enabled=&#8221;0&#8243;]<\/p>\n<div class=\"paper\">\n<p style=\"text-align: justify;\">At 7th International Symposium on Model-Based Safety and Assessment (IMBSA 2020), the best paper award (Certificate of the Best paper) will be given by the scientific committee of the Model-Based Safety and Assessment based on both submitted paper and the oral presentation.<\/p>\n<p style=\"text-align: justify;\">Currently, the following three papers have been nominated for the best paper award based on reviewers\u2019 scores on the submitted papers.<\/p>\n<ul style=\"text-align: justify;\">\n<li>Birte Kramer, Christian Neurohr, Matthias B\u00fcker, Eckard B\u00f6de, Martin Fr\u00e4nzle and Werner Damm. <strong>Identification and Quantification of Hazardous Scenarios for Automated Driving<\/strong><\/li>\n<li>Nungki Selviandro, Richard Hawkins and Ibrahim Habli. <strong>A Visual Notation for the Representation of Assurance Cases using SACM<\/strong><\/li>\n<li>Koorosh Aslansefat, Ioannis Sorokos, Declan Whiting, Ramin Tavakoli Kolagari and Yiannis Papadopoulos <strong>SafeML: Safety Monitoring of Machine Learning Classifiers through Statistical Difference Measures<\/strong><\/li>\n<\/ul>\n<p style=\"text-align: justify;\">After the oral presentation, based on PC Members votes, one the nominated papers will receive the <strong>Best Paper Award<\/strong> <strong>Certificate<\/strong>.\u00a0<\/p>\n<\/div>\n<p>[\/et_pb_text][\/et_pb_column][et_pb_column type=&#8221;1_3&#8243; _builder_version=&#8221;4.0.7&#8243;][et_pb_image src=&#8221;http:\/\/easyconferences.eu\/imbsa2020\/wp-content\/uploads\/2020\/07\/award.png&#8221; _builder_version=&#8221;4.0.7&#8243; hover_enabled=&#8221;0&#8243;][\/et_pb_image][\/et_pb_column][\/et_pb_row][\/et_pb_section]<\/p>\n","protected":false},"excerpt":{"rendered":"<p>Best Paper Award At 7th International Symposium on Model-Based Safety and Assessment (IMBSA 2020), the best paper award (Certificate of the Best paper) will be given by the scientific committee of the Model-Based Safety and Assessment based on both submitted paper and the oral presentation. Currently, the following three papers have been nominated for the [&hellip;]<\/p>\n","protected":false},"author":1,"featured_media":0,"parent":0,"menu_order":0,"comment_status":"closed","ping_status":"closed","template":"","meta":{"_et_pb_use_builder":"on","_et_pb_old_content":"","_et_gb_content_width":""},"_links":{"self":[{"href":"https:\/\/easyconferences.eu\/imbsa2020\/wp-json\/wp\/v2\/pages\/347"}],"collection":[{"href":"https:\/\/easyconferences.eu\/imbsa2020\/wp-json\/wp\/v2\/pages"}],"about":[{"href":"https:\/\/easyconferences.eu\/imbsa2020\/wp-json\/wp\/v2\/types\/page"}],"author":[{"embeddable":true,"href":"https:\/\/easyconferences.eu\/imbsa2020\/wp-json\/wp\/v2\/users\/1"}],"replies":[{"embeddable":true,"href":"https:\/\/easyconferences.eu\/imbsa2020\/wp-json\/wp\/v2\/comments?post=347"}],"version-history":[{"count":3,"href":"https:\/\/easyconferences.eu\/imbsa2020\/wp-json\/wp\/v2\/pages\/347\/revisions"}],"predecessor-version":[{"id":352,"href":"https:\/\/easyconferences.eu\/imbsa2020\/wp-json\/wp\/v2\/pages\/347\/revisions\/352"}],"wp:attachment":[{"href":"https:\/\/easyconferences.eu\/imbsa2020\/wp-json\/wp\/v2\/media?parent=347"}],"curies":[{"name":"wp","href":"https:\/\/api.w.org\/{rel}","templated":true}]}}